{"id":8040,"date":"2018-07-17T10:44:49","date_gmt":"2018-07-17T12:44:49","guid":{"rendered":"https:\/\/orphea.net\/contacts\/"},"modified":"2024-02-27T13:03:44","modified_gmt":"2024-02-27T12:03:44","slug":"contacts","status":"publish","type":"page","link":"https:\/\/orphea.net\/fr-CH\/contacts\/","title":{"rendered":"Contacts"},"content":{"rendered":"<p>[vc_row full_width=&#8221;stretch_row&#8221; content_placement=&#8221;middle&#8221; color_style=&#8221;light&#8221; css=&#8221;.vc_custom_1531846932518{padding-top: 100px !important;padding-bottom: 100px !important;background-image: url(https:\/\/orphea.net\/wp-content\/uploads\/2018\/07\/Orphea_contatti_header.jpg?id=342) !important;background-position: center !important;background-repeat: no-repeat !important;background-size: cover !important;}&#8221;][vc_column][vc_single_image image=&#8221;8043&#8243; alignment=&#8221;center&#8221;][vc_column_text]<\/p>\n<h1 style=\"text-align: center;\">CONTACTS<\/h1>\n<p>[\/vc_column_text][\/vc_column][\/vc_row][vc_row full_width=&#8221;stretch_row&#8221; css=&#8221;.vc_custom_1531326310963{background-color: rgba(255,215,53,0.2) !important;*background-color: rgb(255,215,53) !important;}&#8221;][vc_column]<style>#breadcrumb-6a04ada8a6896 li::after { content:\"\/\" }<\/style><ol class=\"wwp-vc-breadcrumbs \" id=\"breadcrumb-6a04ada8a6896\"><li class=\"visited\"><a href=\"https:\/\/orphea.net\/fr-CH\">Home<\/a><\/li><li class=\"current\"><span>Contacts<\/span><\/li><\/ol>[\/vc_column][\/vc_row][vc_row css=&#8221;.vc_custom_1531327247472{margin-top: 32px !important;margin-bottom: 64px !important;}&#8221;][vc_column][vc_column_text]<\/p>\n<h3 style=\"text-align: center;\"><span style=\"color: #006e3b;\">Communiquez avec Orphea. Envoyez-nous un email, contactez-nous par t\u00e9l\u00e9phone ou remplissez le formulaire ci-dessous.<\/span><\/h3>\n<p>[\/vc_column_text][vc_separator color=&#8221;custom&#8221; border_width=&#8221;2&#8243; el_width=&#8221;60&#8243; accent_color=&#8221;#ffd735&#8243; css=&#8221;.vc_custom_1531325590118{margin-top: 15px !important;margin-bottom: 20px !important;}&#8221;][vc_column_text]<\/p>\n<p style=\"text-align: center;\">\u00c9crivez-nous un e-mail, appelez-nous ou remplissez le formulaire ci-dessous. Nous serions tr\u00e8s heureux de recevoir votre avis!<\/p>\n<p>[\/vc_column_text][\/vc_column][\/vc_row][vc_row][vc_column]<script type=\"text\/javascript\">\n\/* <![CDATA[ *\/\nvar gform;gform||(document.addEventListener(\"gform_main_scripts_loaded\",function(){gform.scriptsLoaded=!0}),document.addEventListener(\"gform\/theme\/scripts_loaded\",function(){gform.themeScriptsLoaded=!0}),window.addEventListener(\"DOMContentLoaded\",function(){gform.domLoaded=!0}),gform={domLoaded:!1,scriptsLoaded:!1,themeScriptsLoaded:!1,isFormEditor:()=>\"function\"==typeof InitializeEditor,callIfLoaded:function(o){return!(!gform.domLoaded||!gform.scriptsLoaded||!gform.themeScriptsLoaded&&!gform.isFormEditor()||(gform.isFormEditor()&&console.warn(\"The use of gform.initializeOnLoaded() is deprecated in the form editor context and will be removed in Gravity Forms 3.1.\"),o(),0))},initializeOnLoaded:function(o){gform.callIfLoaded(o)||(document.addEventListener(\"gform_main_scripts_loaded\",()=>{gform.scriptsLoaded=!0,gform.callIfLoaded(o)}),document.addEventListener(\"gform\/theme\/scripts_loaded\",()=>{gform.themeScriptsLoaded=!0,gform.callIfLoaded(o)}),window.addEventListener(\"DOMContentLoaded\",()=>{gform.domLoaded=!0,gform.callIfLoaded(o)}))},hooks:{action:{},filter:{}},addAction:function(o,r,e,t){gform.addHook(\"action\",o,r,e,t)},addFilter:function(o,r,e,t){gform.addHook(\"filter\",o,r,e,t)},doAction:function(o){gform.doHook(\"action\",o,arguments)},applyFilters:function(o){return gform.doHook(\"filter\",o,arguments)},removeAction:function(o,r){gform.removeHook(\"action\",o,r)},removeFilter:function(o,r,e){gform.removeHook(\"filter\",o,r,e)},addHook:function(o,r,e,t,n){null==gform.hooks[o][r]&&(gform.hooks[o][r]=[]);var d=gform.hooks[o][r];null==n&&(n=r+\"_\"+d.length),gform.hooks[o][r].push({tag:n,callable:e,priority:t=null==t?10:t})},doHook:function(r,o,e){var t;if(e=Array.prototype.slice.call(e,1),null!=gform.hooks[r][o]&&((o=gform.hooks[r][o]).sort(function(o,r){return o.priority-r.priority}),o.forEach(function(o){\"function\"!=typeof(t=o.callable)&&(t=window[t]),\"action\"==r?t.apply(null,e):e[0]=t.apply(null,e)})),\"filter\"==r)return e[0]},removeHook:function(o,r,t,n){var e;null!=gform.hooks[o][r]&&(e=(e=gform.hooks[o][r]).filter(function(o,r,e){return!!(null!=n&&n!=o.tag||null!=t&&t!=o.priority)}),gform.hooks[o][r]=e)}});\n\/* ]]> *\/\n<\/script>\n\n                <div class='gf_browser_gecko gform_wrapper gravity-theme gform-theme--no-framework' data-form-theme='gravity-theme' data-form-index='0' id='gform_wrapper_8' >\n                        <div class='gform_heading'>\n\t\t\t\t\t\t\t<p class='gform_required_legend'>\u00ab\u00a0<span class=\"gfield_required gfield_required_asterisk\">*<\/span>\u00a0\u00bb indique les champs n\u00e9cessaires<\/p>\n                        <\/div><form method='post' enctype='multipart\/form-data'  id='gform_8'  action='\/fr-CH\/wp-json\/wp\/v2\/pages\/8040' data-formid='8' novalidate>\n                        <div class='gform-body gform_body'><div id='gform_fields_8' class='gform_fields top_label form_sublabel_below description_below validation_below'><div id=\"field_8_2\" class=\"gfield gfield--type-text gfield--input-type-text gfield--width-half form-input gfield_contains_required field_sublabel_below gfield--no-description field_description_below field_validation_below gfield_visibility_visible\"  ><label class='gfield_label gform-field-label' for='input_8_2'>Pr\u00e9nom<span class=\"gfield_required\"><span class=\"gfield_required gfield_required_asterisk\">*<\/span><\/span><\/label><div class='ginput_container ginput_container_text'><input name='input_2' id='input_8_2' type='text' value='' class='medium'     aria-required=\"true\" aria-invalid=\"false\"   \/><\/div><\/div><div id=\"field_8_3\" class=\"gfield gfield--type-text gfield--input-type-text gfield--width-half form-input gfield_contains_required field_sublabel_below gfield--no-description field_description_below field_validation_below gfield_visibility_visible\"  ><label class='gfield_label gform-field-label' for='input_8_3'>Nom<span class=\"gfield_required\"><span class=\"gfield_required gfield_required_asterisk\">*<\/span><\/span><\/label><div class='ginput_container ginput_container_text'><input name='input_3' id='input_8_3' type='text' value='' class='medium'     aria-required=\"true\" aria-invalid=\"false\"   \/><\/div><\/div><div id=\"field_8_4\" class=\"gfield gfield--type-email gfield--input-type-email gfield--width-half form-input gfield_contains_required field_sublabel_below gfield--no-description field_description_below field_validation_below gfield_visibility_visible\"  ><label class='gfield_label gform-field-label' for='input_8_4'>Email<span class=\"gfield_required\"><span class=\"gfield_required gfield_required_asterisk\">*<\/span><\/span><\/label><div class='ginput_container ginput_container_email'>\n                            <input name='input_4' id='input_8_4' type='email' value='' class='medium'    aria-required=\"true\" aria-invalid=\"false\"  \/>\n                        <\/div><\/div><div id=\"field_8_5\" class=\"gfield gfield--type-phone gfield--input-type-phone gfield--width-half form-input field_sublabel_below gfield--no-description field_description_below field_validation_below gfield_visibility_visible\"  ><label class='gfield_label gform-field-label' for='input_8_5'>T\u00e9l\u00e9phone<\/label><div class='ginput_container ginput_container_phone'><input name='input_5' id='input_8_5' type='tel' value='' class='medium'    aria-invalid=\"false\"   \/><\/div><\/div><div id=\"field_8_6\" class=\"gfield gfield--type-textarea gfield--input-type-textarea form-input gfield_contains_required field_sublabel_below gfield--no-description field_description_below field_validation_below gfield_visibility_visible\"  ><label class='gfield_label gform-field-label' for='input_8_6'>Message<span class=\"gfield_required\"><span class=\"gfield_required gfield_required_asterisk\">*<\/span><\/span><\/label><div class='ginput_container ginput_container_textarea'><textarea name='input_6' id='input_8_6' class='textarea large'     aria-required=\"true\" aria-invalid=\"false\"   rows='10' cols='50'><\/textarea><\/div><\/div><fieldset id=\"field_8_7\" class=\"gfield gfield--type-checkbox gfield--type-choice gfield--input-type-checkbox form-privacy gfield_contains_required field_sublabel_below gfield--no-description field_description_below hidden_label field_validation_below gfield_visibility_visible\"  ><legend class='gfield_label gform-field-label gfield_label_before_complex' >Privacy<span class=\"gfield_required\"><span class=\"gfield_required gfield_required_asterisk\">*<\/span><\/span><\/legend><div class='ginput_container ginput_container_checkbox'><div class='gfield_checkbox ' id='input_8_7'><div class='gchoice gchoice_8_7_1'>\n\t\t\t\t\t\t\t\t<input class='gfield-choice-input' name='input_7.1' type='checkbox'  value='J&#039;autorise le traitement de mes donn\u00e9es personnelles en vertu de la nouvelle loi sur la protection des donn\u00e9es, conform\u00e9ment \u00e0 l&#039;objectif \u00ab C \u00bb de la &lt;a href=&quot;https:\/\/orphea.net\/wp-content\/uploads\/2024\/07\/06_Privacy_Policy_Orphea_230124-fr-FR.pdf&quot; target=&quot;_BLANK&quot;&gt;Privacy Policy&lt;\/a&gt;.'  id='choice_8_7_1'   \/>\n\t\t\t\t\t\t\t\t<label for='choice_8_7_1' id='label_8_7_1' class='gform-field-label gform-field-label--type-inline'>J'autorise le traitement de mes donn\u00e9es personnelles en vertu de la nouvelle loi sur la protection des donn\u00e9es, conform\u00e9ment \u00e0 l'objectif \u00ab C \u00bb de la <a href=\"https:\/\/orphea.net\/wp-content\/uploads\/2024\/07\/06_Privacy_Policy_Orphea_230124-fr-FR.pdf\" target=\"_BLANK\">Privacy Policy<\/a>.<\/label>\n\t\t\t\t\t\t\t<\/div><\/div><\/div><\/fieldset><\/div><\/div>\n        <div class='gform-footer gform_footer top_label'> <input type='submit' id='gform_submit_button_8' class='gform_button button' onclick='gform.submission.handleButtonClick(this);' data-submission-type='submit' value='Soumettre'  \/> \n            <input type='hidden' class='gform_hidden' name='gform_submission_method' data-js='gform_submission_method_8' value='postback' \/>\n            <input type='hidden' class='gform_hidden' name='gform_theme' data-js='gform_theme_8' id='gform_theme_8' value='gravity-theme' \/>\n            <input type='hidden' class='gform_hidden' name='gform_style_settings' data-js='gform_style_settings_8' id='gform_style_settings_8' value='[]' \/>\n            <input type='hidden' class='gform_hidden' name='is_submit_8' value='1' \/>\n            <input type='hidden' class='gform_hidden' name='gform_submit' value='8' \/>\n            \n            <input type='hidden' class='gform_hidden' name='gform_currency' data-currency='EUR' value='zkGEvpzhByJeV1MQoiSKM2eY0XLftqjExDgvt\/sFH5sBtAP0dQ+uk25n2wQAXPVaxG3mUvo2I1C4KCq7tEMfSW6aOjoTfdCX8WdVAs2FqHXG8bo=' \/>\n            <input type='hidden' class='gform_hidden' name='gform_unique_id' value='' \/>\n            <input type='hidden' class='gform_hidden' name='state_8' value='WyJbXSIsIjRjMmYyNDRjMDNkOTJlNzNmZWI0MzMxNmMzZTY5YzI2Il0=' \/>\n            <input type='hidden' autocomplete='off' class='gform_hidden' name='gform_target_page_number_8' id='gform_target_page_number_8' value='0' \/>\n            <input type='hidden' autocomplete='off' class='gform_hidden' name='gform_source_page_number_8' id='gform_source_page_number_8' value='1' \/>\n            <input type='hidden' name='gform_field_values' value='' \/>\n            \n        <\/div>\n                        <p style=\"display: none !important;\" class=\"akismet-fields-container\" data-prefix=\"ak_\"><label>&#916;<textarea name=\"ak_hp_textarea\" cols=\"45\" rows=\"8\" maxlength=\"100\"><\/textarea><\/label><input type=\"hidden\" id=\"ak_js_1\" name=\"ak_js\" value=\"24\"\/><script type=\"text\/javascript\">\n\/* <![CDATA[ *\/\ndocument.getElementById( \"ak_js_1\" ).setAttribute( \"value\", ( new Date() ).getTime() );\n\/* ]]> *\/\n<\/script>\n<\/p><\/form>\n                        <\/div><script type=\"text\/javascript\">\n\/* <![CDATA[ *\/\n gform.initializeOnLoaded( function() {gformInitSpinner( 8, 'https:\/\/orphea.net\/wp-content\/plugins\/gravityforms\/images\/spinner.svg', true );jQuery('#gform_ajax_frame_8').on('load',function(){var contents = jQuery(this).contents().find('*').html();var is_postback = contents.indexOf('GF_AJAX_POSTBACK') >= 0;if(!is_postback){return;}var form_content = jQuery(this).contents().find('#gform_wrapper_8');var is_confirmation = jQuery(this).contents().find('#gform_confirmation_wrapper_8').length > 0;var is_redirect = contents.indexOf('gformRedirect(){') >= 0;var is_form = form_content.length > 0 && ! is_redirect && ! is_confirmation;var mt = parseInt(jQuery('html').css('margin-top'), 10) + parseInt(jQuery('body').css('margin-top'), 10) + 100;if(is_form){jQuery('#gform_wrapper_8').html(form_content.html());if(form_content.hasClass('gform_validation_error')){jQuery('#gform_wrapper_8').addClass('gform_validation_error');} else {jQuery('#gform_wrapper_8').removeClass('gform_validation_error');}setTimeout( function() { \/* delay the scroll by 50 milliseconds to fix a bug in chrome *\/  }, 50 );if(window['gformInitDatepicker']) {gformInitDatepicker();}if(window['gformInitPriceFields']) {gformInitPriceFields();}var current_page = jQuery('#gform_source_page_number_8').val();gformInitSpinner( 8, 'https:\/\/orphea.net\/wp-content\/plugins\/gravityforms\/images\/spinner.svg', true );jQuery(document).trigger('gform_page_loaded', [8, current_page]);window['gf_submitting_8'] = false;}else if(!is_redirect){var confirmation_content = jQuery(this).contents().find('.GF_AJAX_POSTBACK').html();if(!confirmation_content){confirmation_content = contents;}jQuery('#gform_wrapper_8').replaceWith(confirmation_content);jQuery(document).trigger('gform_confirmation_loaded', [8]);window['gf_submitting_8'] = false;wp.a11y.speak(jQuery('#gform_confirmation_message_8').text());}else{jQuery('#gform_8').append(contents);if(window['gformRedirect']) {gformRedirect();}}jQuery(document).trigger(\"gform_pre_post_render\", [{ formId: \"8\", currentPage: \"current_page\", abort: function() { this.preventDefault(); } }]);        if (event && event.defaultPrevented) {                return;        }        const gformWrapperDiv = document.getElementById( \"gform_wrapper_8\" );        if ( gformWrapperDiv ) {            const visibilitySpan = document.createElement( \"span\" );            visibilitySpan.id = \"gform_visibility_test_8\";            gformWrapperDiv.insertAdjacentElement( \"afterend\", visibilitySpan );        }        const visibilityTestDiv = document.getElementById( \"gform_visibility_test_8\" );        let postRenderFired = false;        function triggerPostRender() {            if ( postRenderFired ) {                return;            }            postRenderFired = true;            gform.core.triggerPostRenderEvents( 8, current_page );            if ( visibilityTestDiv ) {                visibilityTestDiv.parentNode.removeChild( visibilityTestDiv );            }        }        function debounce( func, wait, immediate ) {            var timeout;            return function() {                var context = this, args = arguments;                var later = function() {                    timeout = null;                    if ( !immediate ) func.apply( context, args );                };                var callNow = immediate && !timeout;                clearTimeout( timeout );                timeout = setTimeout( later, wait );                if ( callNow ) func.apply( context, args );            };        }        const debouncedTriggerPostRender = debounce( function() {            triggerPostRender();        }, 200 );        if ( visibilityTestDiv && visibilityTestDiv.offsetParent === null ) {            const observer = new MutationObserver( ( mutations ) => {                mutations.forEach( ( mutation ) => {                    if ( mutation.type === 'attributes' && visibilityTestDiv.offsetParent !== null ) {                        debouncedTriggerPostRender();                        observer.disconnect();                    }                });            });            observer.observe( document.body, {                attributes: true,                childList: false,                subtree: true,                attributeFilter: [ 'style', 'class' ],            });        } else {            triggerPostRender();        }    } );} ); \n\/* ]]> *\/\n<\/script>\n[\/vc_column][\/vc_row][vc_row][vc_column][vc_row_inner equal_height=&#8221;yes&#8221; gap=&#8221;35&#8243;][vc_column_inner width=&#8221;1\/2&#8243;][vc_column_text]<\/p>\n<h3 style=\"text-align: center;\"><span style=\"color: #006e3b;\">Adresse<\/span><\/h3>\n<p style=\"text-align: center;\">ORPHEA SA<br \/>\nVia Sottobisio 28B,<br \/>\n6828 Balerna,<br \/>\nSvizzera<\/p>\n<p>[\/vc_column_text][\/vc_column_inner][vc_column_inner width=&#8221;1\/2&#8243;][vc_column_text]<\/p>\n<h3 style=\"text-align: center;\"><span style=\"color: #006e3b;\">Contacts<\/span><\/h3>\n<p style=\"text-align: center;\">T\u00a0+41 91 695 17 60<br \/>\ninfo@orphea.net<\/p>\n<p>[\/vc_column_text][\/vc_column_inner][\/vc_row_inner][\/vc_column][\/vc_row][vc_row][vc_column][vc_row_inner equal_height=&#8221;yes&#8221; gap=&#8221;35&#8243;][vc_column_inner width=&#8221;1\/2&#8243;][vc_column_text]<\/p>\n<h3 style=\"text-align: center;\"><span style=\"color: #006e3b;\">Distribu\u00e9 en Suisse par:<\/span><\/h3>\n<p style=\"text-align: center;\">MARTEC HANDELS AG<br \/>\nSamstagernstrasse 45,<br \/>\nCH-8832 Wollerau<br \/>\nT +41 44 783 95 30<br \/>\nF +41 44 783 95 49<\/p>\n<p>[\/vc_column_text][\/vc_column_inner][vc_column_inner width=&#8221;1\/2&#8243;][vc_column_text]<\/p>\n<h3 style=\"text-align: center;\"><span style=\"color: #006e3b;\">Vous pouvez trouver les produits Orphea dans:<\/span><\/h3>\n<p style=\"text-align: center;\"><a href=\"https:\/\/www.galaxus.ch\/fr\/brand\/orphea-63805\" target=\"_blank\" rel=\"noopener\"><img loading=\"lazy\" decoding=\"async\" class=\"aligncenter wp-image-15495\" title=\"Distributore Orphea Galaxus\" src=\"https:\/\/orphea.net\/wp-content\/uploads\/2024\/02\/orphea-logo-galaxus-300x134.png\" alt=\"Distributore Orphea Galaxus\" width=\"150\" height=\"67\" srcset=\"https:\/\/orphea.net\/wp-content\/uploads\/2024\/02\/orphea-logo-galaxus-300x134.png 300w, https:\/\/orphea.net\/wp-content\/uploads\/2024\/02\/orphea-logo-galaxus.png 400w\" sizes=\"auto, (max-width: 150px) 100vw, 150px\" \/><\/a><a href=\"https:\/\/www.brack.ch\/fr\/search?filter%5BfacetManufacturerName%5D%5B%5D=Orphea\" target=\"_blank\" rel=\"noopener\"><img loading=\"lazy\" decoding=\"async\" class=\"aligncenter wp-image-15504\" title=\"Distributore Orphea Brack\" src=\"https:\/\/orphea.net\/wp-content\/uploads\/2024\/02\/orphea-logo-brack-300x113.png\" alt=\"Distributore Orphea Brack\" width=\"150\" height=\"56\" srcset=\"https:\/\/orphea.net\/wp-content\/uploads\/2024\/02\/orphea-logo-brack-300x113.png 300w, https:\/\/orphea.net\/wp-content\/uploads\/2024\/02\/orphea-logo-brack.png 400w\" sizes=\"auto, (max-width: 150px) 100vw, 150px\" \/><\/a><\/p>\n<p>[\/vc_column_text][\/vc_column_inner][\/vc_row_inner][\/vc_column][\/vc_row]<\/p>\n","protected":false},"excerpt":{"rendered":"<p>[vc_row full_width=&#8221;stretch_row&#8221; content_placement=&#8221;middle&#8221; color_style=&#8221;light&#8221; css=&#8221;.vc_custom_1531846932518{padding-top: 100px !important;padding-bottom: 100px !important;background-image: url(https:\/\/orphea.net\/wp-content\/uploads\/2018\/07\/Orphea_contatti_header.jpg?id=342) !important;background-position: center !important;background-repeat: no-repeat !important;background-size: cover !important;}&#8221;][vc_column][vc_single_image image=&#8221;8043&#8243; alignment=&#8221;center&#8221;][vc_column_text] CONTACTS [\/vc_column_text][\/vc_column][\/vc_row][vc_row full_width=&#8221;stretch_row&#8221; css=&#8221;.vc_custom_1531326310963{background-color: rgba(255,215,53,0.2) !important;*background-color: rgb(255,215,53) !important;}&#8221;][vc_column][\/vc_column][\/vc_row][vc_row css=&#8221;.vc_custom_1531327247472{margin-top: 32px !important;margin-bottom: 64px !important;}&#8221;][vc_column][vc_column_text] Communiquez avec Orphea. Envoyez-nous un email, contactez-nous par<\/p>\n","protected":false},"author":2,"featured_media":0,"parent":0,"menu_order":0,"comment_status":"closed","ping_status":"closed","template":"","meta":{"_acf_changed":false,"footnotes":""},"class_list":["post-8040","page","type-page","status-publish","hentry"],"acf":[],"yoast_head":"<!-- This site is optimized with the Yoast SEO plugin v27.5 - https:\/\/yoast.com\/product\/yoast-seo-wordpress\/ -->\n<title>Contacts | Orphea<\/title>\n<meta name=\"description\" content=\"N&#039;h\u00e9sitez pas nous contacter pour toutes autres questions et pour obtenir plus d&#039;informations, nous serons toujours \u00e0 votre \u00e9coute\" \/>\n<meta name=\"robots\" content=\"noindex, follow, max-snippet:-1, max-image-preview:large, max-video-preview:-1\" \/>\n<meta property=\"og:locale\" content=\"fr_FR\" \/>\n<meta property=\"og:type\" content=\"article\" \/>\n<meta property=\"og:title\" content=\"Contacts | Orphea\" \/>\n<meta property=\"og:description\" content=\"N&#039;h\u00e9sitez pas nous contacter pour toutes autres questions et pour obtenir plus d&#039;informations, nous serons toujours \u00e0 votre \u00e9coute\" \/>\n<meta property=\"og:url\" content=\"https:\/\/orphea.net\/fr-CH\/contacts\/\" \/>\n<meta property=\"og:site_name\" content=\"ORPHEA\" \/>\n<meta property=\"article:modified_time\" content=\"2024-02-27T12:03:44+00:00\" \/>\n<meta property=\"og:image\" content=\"https:\/\/orphea.net\/wp-content\/uploads\/2024\/02\/orphea-logo-galaxus-300x134.png\" \/>\n<meta name=\"twitter:card\" content=\"summary_large_image\" \/>\n<meta name=\"twitter:label1\" content=\"Est. reading time\" \/>\n\t<meta name=\"twitter:data1\" content=\"2 minutes\" \/>\n<script type=\"application\/ld+json\" class=\"yoast-schema-graph\">{\"@context\":\"https:\\\/\\\/schema.org\",\"@graph\":[{\"@type\":\"WebPage\",\"@id\":\"https:\\\/\\\/orphea.net\\\/fr-CH\\\/contacts\\\/\",\"url\":\"https:\\\/\\\/orphea.net\\\/fr-CH\\\/contacts\\\/\",\"name\":\"Contacts | Orphea\",\"isPartOf\":{\"@id\":\"https:\\\/\\\/orphea.net\\\/fr-CH\\\/#website\"},\"primaryImageOfPage\":{\"@id\":\"https:\\\/\\\/orphea.net\\\/fr-CH\\\/contacts\\\/#primaryimage\"},\"image\":{\"@id\":\"https:\\\/\\\/orphea.net\\\/fr-CH\\\/contacts\\\/#primaryimage\"},\"thumbnailUrl\":\"https:\\\/\\\/orphea.net\\\/wp-content\\\/uploads\\\/2024\\\/02\\\/orphea-logo-galaxus-300x134.png\",\"datePublished\":\"2018-07-17T12:44:49+00:00\",\"dateModified\":\"2024-02-27T12:03:44+00:00\",\"description\":\"N'h\u00e9sitez pas nous contacter pour toutes autres questions et pour obtenir plus d'informations, nous serons toujours \u00e0 votre \u00e9coute\",\"inLanguage\":\"fr-CH\",\"potentialAction\":[{\"@type\":\"ReadAction\",\"target\":[\"https:\\\/\\\/orphea.net\\\/fr-CH\\\/contacts\\\/\"]}]},{\"@type\":\"ImageObject\",\"inLanguage\":\"fr-CH\",\"@id\":\"https:\\\/\\\/orphea.net\\\/fr-CH\\\/contacts\\\/#primaryimage\",\"url\":\"https:\\\/\\\/orphea.net\\\/wp-content\\\/uploads\\\/2024\\\/02\\\/orphea-logo-galaxus-300x134.png\",\"contentUrl\":\"https:\\\/\\\/orphea.net\\\/wp-content\\\/uploads\\\/2024\\\/02\\\/orphea-logo-galaxus-300x134.png\"},{\"@type\":\"WebSite\",\"@id\":\"https:\\\/\\\/orphea.net\\\/fr-CH\\\/#website\",\"url\":\"https:\\\/\\\/orphea.net\\\/fr-CH\\\/\",\"name\":\"ORPHEA\",\"description\":\"Il tuo alleato di casa | ORPHEA\",\"potentialAction\":[{\"@type\":\"SearchAction\",\"target\":{\"@type\":\"EntryPoint\",\"urlTemplate\":\"https:\\\/\\\/orphea.net\\\/fr-CH\\\/?s={search_term_string}\"},\"query-input\":{\"@type\":\"PropertyValueSpecification\",\"valueRequired\":true,\"valueName\":\"search_term_string\"}}],\"inLanguage\":\"fr-CH\"}]}<\/script>\n<!-- \/ Yoast SEO plugin. -->","yoast_head_json":{"title":"Contacts | Orphea","description":"N'h\u00e9sitez pas nous contacter pour toutes autres questions et pour obtenir plus d'informations, nous serons toujours \u00e0 votre \u00e9coute","robots":{"index":"noindex","follow":"follow","max-snippet":"max-snippet:-1","max-image-preview":"max-image-preview:large","max-video-preview":"max-video-preview:-1"},"og_locale":"fr_FR","og_type":"article","og_title":"Contacts | Orphea","og_description":"N'h\u00e9sitez pas nous contacter pour toutes autres questions et pour obtenir plus d'informations, nous serons toujours \u00e0 votre \u00e9coute","og_url":"https:\/\/orphea.net\/fr-CH\/contacts\/","og_site_name":"ORPHEA","article_modified_time":"2024-02-27T12:03:44+00:00","og_image":[{"url":"https:\/\/orphea.net\/wp-content\/uploads\/2024\/02\/orphea-logo-galaxus-300x134.png","type":"","width":"","height":""}],"twitter_card":"summary_large_image","twitter_misc":{"Est. reading time":"2 minutes"},"schema":{"@context":"https:\/\/schema.org","@graph":[{"@type":"WebPage","@id":"https:\/\/orphea.net\/fr-CH\/contacts\/","url":"https:\/\/orphea.net\/fr-CH\/contacts\/","name":"Contacts | Orphea","isPartOf":{"@id":"https:\/\/orphea.net\/fr-CH\/#website"},"primaryImageOfPage":{"@id":"https:\/\/orphea.net\/fr-CH\/contacts\/#primaryimage"},"image":{"@id":"https:\/\/orphea.net\/fr-CH\/contacts\/#primaryimage"},"thumbnailUrl":"https:\/\/orphea.net\/wp-content\/uploads\/2024\/02\/orphea-logo-galaxus-300x134.png","datePublished":"2018-07-17T12:44:49+00:00","dateModified":"2024-02-27T12:03:44+00:00","description":"N'h\u00e9sitez pas nous contacter pour toutes autres questions et pour obtenir plus d'informations, nous serons toujours \u00e0 votre \u00e9coute","inLanguage":"fr-CH","potentialAction":[{"@type":"ReadAction","target":["https:\/\/orphea.net\/fr-CH\/contacts\/"]}]},{"@type":"ImageObject","inLanguage":"fr-CH","@id":"https:\/\/orphea.net\/fr-CH\/contacts\/#primaryimage","url":"https:\/\/orphea.net\/wp-content\/uploads\/2024\/02\/orphea-logo-galaxus-300x134.png","contentUrl":"https:\/\/orphea.net\/wp-content\/uploads\/2024\/02\/orphea-logo-galaxus-300x134.png"},{"@type":"WebSite","@id":"https:\/\/orphea.net\/fr-CH\/#website","url":"https:\/\/orphea.net\/fr-CH\/","name":"ORPHEA","description":"Il tuo alleato di casa | ORPHEA","potentialAction":[{"@type":"SearchAction","target":{"@type":"EntryPoint","urlTemplate":"https:\/\/orphea.net\/fr-CH\/?s={search_term_string}"},"query-input":{"@type":"PropertyValueSpecification","valueRequired":true,"valueName":"search_term_string"}}],"inLanguage":"fr-CH"}]}},"_links":{"self":[{"href":"https:\/\/orphea.net\/fr-CH\/wp-json\/wp\/v2\/pages\/8040","targetHints":{"allow":["GET"]}}],"collection":[{"href":"https:\/\/orphea.net\/fr-CH\/wp-json\/wp\/v2\/pages"}],"about":[{"href":"https:\/\/orphea.net\/fr-CH\/wp-json\/wp\/v2\/types\/page"}],"author":[{"embeddable":true,"href":"https:\/\/orphea.net\/fr-CH\/wp-json\/wp\/v2\/users\/2"}],"replies":[{"embeddable":true,"href":"https:\/\/orphea.net\/fr-CH\/wp-json\/wp\/v2\/comments?post=8040"}],"version-history":[{"count":11,"href":"https:\/\/orphea.net\/fr-CH\/wp-json\/wp\/v2\/pages\/8040\/revisions"}],"predecessor-version":[{"id":15523,"href":"https:\/\/orphea.net\/fr-CH\/wp-json\/wp\/v2\/pages\/8040\/revisions\/15523"}],"wp:attachment":[{"href":"https:\/\/orphea.net\/fr-CH\/wp-json\/wp\/v2\/media?parent=8040"}],"curies":[{"name":"wp","href":"https:\/\/api.w.org\/{rel}","templated":true}]}}