{"id":7761,"date":"2018-07-14T08:46:51","date_gmt":"2018-07-14T10:46:51","guid":{"rendered":"https:\/\/orphea.net\/produits\/"},"modified":"2024-01-18T17:16:36","modified_gmt":"2024-01-18T16:16:36","slug":"produits","status":"publish","type":"page","link":"https:\/\/orphea.net\/fr-CH\/produits\/","title":{"rendered":"Tous les produits"},"content":{"rendered":"<p>[vc_row full_width=&#8221;stretch_row&#8221; content_placement=&#8221;middle&#8221; css=&#8221;.vc_custom_1532363201150{padding-top: 50px !important;padding-bottom: 50px !important;background-image: url(https:\/\/orphea.net\/wp-content\/uploads\/2018\/07\/sfondo-radiale-prodotti-Orphea-Protezione-Casa.jpg?id=273) !important;background-position: center !important;background-repeat: no-repeat !important;background-size: cover !important;}&#8221; el_class=&#8221;inversionemobile&#8221; offset=&#8221;vc_hidden-sm vc_hidden-xs&#8221;][vc_column width=&#8221;1\/2&#8243;][vc_column_text]<\/p>\n<h3><span style=\"color: #006e34;\">ORPHEA PROTECTION DE LA MAISON<\/span><\/h3>\n<p><span style=\"color: #006e34;\"><strong>Orphea Protection de la maison<\/strong> prot\u00e8ge votre habitation contre les insectes volants et rampants. Une vaste gamme d\u2019<strong>insecticides<\/strong> et de <strong>pi\u00e8ges<\/strong> inodores \u00e0 l\u2019action naturelle pour se prot\u00e9ger contre les insectes de fa\u00e7on efficace et durable.<\/span>[\/vc_column_text][vc_empty_space height=&#8221;15px&#8221;]<a href=\"https:\/\/orphea.net\/fr-CH\/produits\/protection-maison\/\" target=\"\" title=\"Orphea Protection de la maison\"  data-id=\"mpc_button-1769fa0ced2e5d6\" class=\"mpc-button mpc-init mpc-transition mpc-typography--preset_0 \" ><div class=\"mpc-button__content mpc-effect-type--none mpc-effect-side--none\"><span class=\"mpc-button__title mpc-transition\">VOIR LES PRODUITS<\/span><\/div><div class=\"mpc-button__background mpc-transition mpc-effect-type--fade mpc-effect-side--in\"><\/div><\/a>[\/vc_column][vc_column width=&#8221;1\/2&#8243;][vc_single_image image=&#8221;9361&#8243; img_size=&#8221;full&#8221; alignment=&#8221;center&#8221;][\/vc_column][\/vc_row][vc_row full_width=&#8221;stretch_row&#8221; content_placement=&#8221;middle&#8221; css=&#8221;.vc_custom_1532363424189{padding-top: 50px !important;padding-bottom: 50px !important;background-image: url(https:\/\/orphea.net\/wp-content\/uploads\/2018\/07\/sfondo-radiale-prodotti-Orphea-Protezione-Casa.jpg?id=273) !important;background-position: center !important;background-repeat: no-repeat !important;background-size: cover !important;}&#8221; el_class=&#8221;inversionemobile&#8221; offset=&#8221;vc_hidden-lg vc_hidden-md&#8221;][vc_column width=&#8221;1\/2&#8243;][vc_single_image image=&#8221;9361&#8243; img_size=&#8221;full&#8221; alignment=&#8221;center&#8221;][\/vc_column][vc_column width=&#8221;1\/2&#8243;][vc_column_text]<\/p>\n<h3><span style=\"color: #006e34;\">ORPHEA PROTECTION DE LA MAISON<\/span><\/h3>\n<p><span style=\"color: #006e34;\"><strong>Orphea Protection de la maison<\/strong> prot\u00e8ge votre habitation contre les insectes volants et rampants. Une vaste gamme d\u2019<strong>insecticides<\/strong> et de <strong>pi\u00e8ges<\/strong> inodores \u00e0 l\u2019action naturelle pour se prot\u00e9ger contre les insectes de fa\u00e7on efficace et durable.<\/span>[\/vc_column_text][vc_empty_space height=&#8221;15px&#8221;]<a href=\"https:\/\/orphea.net\/fr-CH\/produits\/protection-maison\/\" target=\"\" title=\"Orphea Protection de la maison\"  data-id=\"mpc_button-9669fa0ced2e6bf\" class=\"mpc-button mpc-init mpc-transition mpc-typography--preset_0 tastoacentro\" ><div class=\"mpc-button__content mpc-effect-type--none mpc-effect-side--none\"><span class=\"mpc-button__title mpc-transition\">VOIR LES PRODUITS<\/span><\/div><div class=\"mpc-button__background mpc-transition mpc-effect-type--fade mpc-effect-side--in\"><\/div><\/a>[\/vc_column][\/vc_row][vc_row full_width=&#8221;stretch_row&#8221; content_placement=&#8221;middle&#8221; css=&#8221;.vc_custom_1532363506038{padding-top: 50px !important;padding-bottom: 50px !important;background-image: url(https:\/\/orphea.net\/wp-content\/uploads\/2018\/07\/sfondo-radiale-prodotti-Orphea-Salvalana.jpg?id=274) !important;background-position: center !important;background-repeat: no-repeat !important;background-size: cover !important;}&#8221; offset=&#8221;vc_hidden-sm vc_hidden-xs&#8221;][vc_column width=&#8221;1\/2&#8243;][vc_single_image image=&#8221;7775&#8243; img_size=&#8221;full&#8221; alignment=&#8221;center&#8221;][\/vc_column][vc_column width=&#8221;1\/2&#8243;][vc_column_text]<\/p>\n<h3><span style=\"color: #8e3488;\">ORPHEA<sup>\u00ae<\/sup><\/span><\/h3>\n<p><span style=\"color: #8e3488;\">Orphea<sup>\u00ae<\/sup> <strong>parfume et prot\u00e8ge la laine et les tissus les plus nobles<\/strong> comme la soie, le lin, le cachemire et le coton gr\u00e2ce \u00e0 l\u2019efficacit\u00e9 naturelle de nombreuses <strong>essences extraites de plantes et de fleurs<\/strong> qui parfument agr\u00e9ablement les v\u00eatements. Un <strong>proc\u00e9d\u00e9 complet pour prendre soin de ses v\u00eatements<\/strong> du lavage jusqu&#8217;\u00e0 l\u2019int\u00e9rieur des tiroirs et des armoires, gr\u00e2ce \u00e0 une gamme compl\u00e8te de produits uniques qui pr\u00e9servent m\u00eame les fibres les plus d\u00e9licates.<\/span>[\/vc_column_text][vc_empty_space height=&#8221;15px&#8221;]<a href=\"https:\/\/orphea.net\/fr-CH\/produits\/salvalana\/\" target=\"\" title=\"Orphea Salvalana\"  data-id=\"mpc_button-6169fa0ced2e77a\" class=\"mpc-button mpc-init mpc-transition mpc-typography--preset_0 \" ><div class=\"mpc-button__content mpc-effect-type--none mpc-effect-side--none\"><span class=\"mpc-button__title mpc-transition\">VOIR LES PRODUITS<\/span><\/div><div class=\"mpc-button__background mpc-transition mpc-effect-type--fade mpc-effect-side--in\"><\/div><\/a>[\/vc_column][\/vc_row][vc_row full_width=&#8221;stretch_row&#8221; content_placement=&#8221;middle&#8221; css=&#8221;.vc_custom_1532363518634{padding-top: 50px !important;padding-bottom: 50px !important;background-image: url(https:\/\/orphea.net\/wp-content\/uploads\/2018\/07\/sfondo-radiale-prodotti-Orphea-Salvalana.jpg?id=274) !important;background-position: center !important;background-repeat: no-repeat !important;background-size: cover !important;}&#8221; offset=&#8221;vc_hidden-lg vc_hidden-md&#8221;][vc_column width=&#8221;1\/2&#8243;][vc_single_image image=&#8221;7775&#8243; img_size=&#8221;full&#8221; alignment=&#8221;center&#8221;][\/vc_column][vc_column width=&#8221;1\/2&#8243;][vc_column_text]<\/p>\n<h3><span style=\"color: #8e3488;\">ORPHEA<sup>\u00ae<\/sup><\/span><\/h3>\n<p><span style=\"color: #8e3488;\">Orphea<sup>\u00ae<\/sup> <strong>parfume et prot\u00e8ge la laine et les tissus les plus nobles<\/strong> comme la soie, le lin, le cachemire et le coton gr\u00e2ce \u00e0 l\u2019efficacit\u00e9 naturelle de nombreuses <strong>essences extraites de plantes et de fleurs<\/strong> qui parfument agr\u00e9ablement les v\u00eatements. Un <strong>proc\u00e9d\u00e9 complet pour prendre soin de ses v\u00eatements<\/strong> du lavage jusqu&#8217;\u00e0 l\u2019int\u00e9rieur des tiroirs et des armoires, gr\u00e2ce \u00e0 une gamme compl\u00e8te de produits uniques qui pr\u00e9servent m\u00eame les fibres les plus d\u00e9licates.<\/span>[\/vc_column_text][vc_empty_space height=&#8221;15px&#8221;]<a href=\"https:\/\/orphea.net\/fr-CH\/produits\/salvalana\/\" target=\"\" title=\"Orphea Salvalana\"  data-id=\"mpc_button-4269fa0ced2e879\" class=\"mpc-button mpc-init mpc-transition mpc-typography--preset_0 \" ><div class=\"mpc-button__content mpc-effect-type--none mpc-effect-side--none\"><span class=\"mpc-button__title mpc-transition\">VOIR LES PRODUITS<\/span><\/div><div class=\"mpc-button__background mpc-transition mpc-effect-type--fade mpc-effect-side--in\"><\/div><\/a>[\/vc_column][\/vc_row][vc_row full_width=&#8221;stretch_row&#8221; content_placement=&#8221;middle&#8221; css=&#8221;.vc_custom_1705594414200{padding-top: 50px !important;padding-bottom: 50px !important;background-image: url(https:\/\/orphea.net\/wp-content\/uploads\/2018\/07\/sfondo-radiale-prodotti-Orphea-protezione-persona.jpg?id=275) !important;background-position: center !important;background-repeat: no-repeat !important;background-size: cover !important;}&#8221; el_class=&#8221;inversionemobile&#8221; offset=&#8221;vc_hidden-sm vc_hidden-xs&#8221;][vc_column width=&#8221;1\/2&#8243;][vc_column_text]<\/p>\n<h3><span style=\"color: #006e34;\">ORPHEA PROTECTION DE LA PERSONNE<\/span><\/h3>\n<p><span style=\"color: #006e34;\">Une gamme compl\u00e8te de <strong>r\u00e9pulsifs anti-insectes<\/strong> et d\u2019<strong>apr\u00e8s-piq\u00fbres<\/strong> formul\u00e9e pour prot\u00e9ger adultes et enfants contre les piq\u00fbres de moustiques et d\u2019autres insectes. Le <strong>Citriodiol<\/strong>, principe actif d\u2019origine v\u00e9g\u00e9tale assure une <strong>protection efficace et d\u00e9licate<\/strong> de la peau, gr\u00e2ce aux propri\u00e9t\u00e9s emollientes et apaisantes des extraits naturels<\/span>[\/vc_column_text][vc_empty_space height=&#8221;15px&#8221;]<a href=\"https:\/\/orphea.net\/fr-CH\/produits\/protection-individuelle\/\" target=\"\" title=\"Orphea Protection des personnes\"  data-id=\"mpc_button-3969fa0ced2e922\" class=\"mpc-button mpc-init mpc-transition mpc-typography--preset_0 \" ><div class=\"mpc-button__content mpc-effect-type--none mpc-effect-side--none\"><span class=\"mpc-button__title mpc-transition\">VOIR LES PRODUITS<\/span><\/div><div class=\"mpc-button__background mpc-transition mpc-effect-type--fade mpc-effect-side--in\"><\/div><\/a>[\/vc_column][vc_column width=&#8221;1\/2&#8243;][vc_single_image image=&#8221;14920&#8243; img_size=&#8221;full&#8221; alignment=&#8221;center&#8221;][\/vc_column][\/vc_row][vc_row full_width=&#8221;stretch_row&#8221; content_placement=&#8221;middle&#8221; css=&#8221;.vc_custom_1705594427565{padding-top: 50px !important;padding-bottom: 50px !important;background-image: url(https:\/\/orphea.net\/wp-content\/uploads\/2018\/07\/sfondo-radiale-prodotti-Orphea-protezione-persona.jpg?id=275) !important;background-position: center !important;background-repeat: no-repeat !important;background-size: cover !important;}&#8221; el_class=&#8221;inversionemobile&#8221; offset=&#8221;vc_hidden-lg vc_hidden-md&#8221;][vc_column width=&#8221;1\/2&#8243;][vc_single_image image=&#8221;14920&#8243; img_size=&#8221;full&#8221; alignment=&#8221;center&#8221;][\/vc_column][vc_column width=&#8221;1\/2&#8243;][vc_column_text]<\/p>\n<h3><span style=\"color: #006e34;\">ORPHEA PROTECTION DE LA PERSONNE<\/span><\/h3>\n<p><span style=\"color: #006e34;\">Une gamme compl\u00e8te de <strong>r\u00e9pulsifs anti-insectes<\/strong> et d\u2019<strong>apr\u00e8s-piq\u00fbres<\/strong> formul\u00e9e pour prot\u00e9ger adultes et enfants contre les piq\u00fbres de moustiques et d\u2019autres insectes. Le <strong>Citriodiol<\/strong>, principe actif d\u2019origine v\u00e9g\u00e9tale assure une <strong>protection efficace et d\u00e9licate<\/strong> de la peau, gr\u00e2ce aux propri\u00e9t\u00e9s emollientes et apaisantes des extraits naturels<\/span>[\/vc_column_text][vc_empty_space height=&#8221;15px&#8221;]<a href=\"https:\/\/orphea.net\/fr-CH\/produits\/protection-individuelle\/\" target=\"\" title=\"Orphea Protection des personnes\"  data-id=\"mpc_button-7269fa0ced2e9f3\" class=\"mpc-button mpc-init mpc-transition mpc-typography--preset_0 \" ><div class=\"mpc-button__content mpc-effect-type--none mpc-effect-side--none\"><span class=\"mpc-button__title mpc-transition\">VOIR LES PRODUITS<\/span><\/div><div class=\"mpc-button__background mpc-transition mpc-effect-type--fade mpc-effect-side--in\"><\/div><\/a>[\/vc_column][\/vc_row]<\/p>\n","protected":false},"excerpt":{"rendered":"<p>[vc_row full_width=&#8221;stretch_row&#8221; content_placement=&#8221;middle&#8221; css=&#8221;.vc_custom_1532363201150{padding-top: 50px !important;padding-bottom: 50px !important;background-image: url(https:\/\/orphea.net\/wp-content\/uploads\/2018\/07\/sfondo-radiale-prodotti-Orphea-Protezione-Casa.jpg?id=273) !important;background-position: center !important;background-repeat: no-repeat !important;background-size: cover !important;}&#8221; el_class=&#8221;inversionemobile&#8221; offset=&#8221;vc_hidden-sm vc_hidden-xs&#8221;][vc_column width=&#8221;1\/2&#8243;][vc_column_text] ORPHEA PROTECTION DE LA MAISON Orphea Protection de la maison prot\u00e8ge votre habitation contre les insectes volants et rampants. Une<\/p>\n","protected":false},"author":2,"featured_media":0,"parent":0,"menu_order":0,"comment_status":"closed","ping_status":"closed","template":"","meta":{"_acf_changed":false,"footnotes":""},"class_list":["post-7761","page","type-page","status-publish","hentry"],"acf":[],"yoast_head":"<!-- This site is optimized with the Yoast SEO plugin v27.4 - https:\/\/yoast.com\/product\/yoast-seo-wordpress\/ -->\n<title>Tous les produits | Orphea<\/title>\n<meta name=\"description\" content=\"D\u00e9couvrez les produits Orphea\u00a0: trois gammes de produits \u00e0 la mesure de vos exigences\" \/>\n<meta name=\"robots\" content=\"noindex, follow, max-snippet:-1, max-image-preview:large, max-video-preview:-1\" \/>\n<meta property=\"og:locale\" content=\"fr_FR\" \/>\n<meta property=\"og:type\" content=\"article\" \/>\n<meta property=\"og:title\" content=\"Tous les produits | Orphea\" \/>\n<meta property=\"og:description\" content=\"D\u00e9couvrez les produits Orphea\u00a0: trois gammes de produits \u00e0 la mesure de vos exigences\" \/>\n<meta property=\"og:url\" content=\"https:\/\/orphea.net\/fr-CH\/produits\/\" \/>\n<meta property=\"og:site_name\" content=\"ORPHEA\" \/>\n<meta property=\"article:modified_time\" content=\"2024-01-18T16:16:36+00:00\" \/>\n<meta name=\"twitter:card\" content=\"summary_large_image\" \/>\n<meta name=\"twitter:label1\" content=\"Est. reading time\" \/>\n\t<meta name=\"twitter:data1\" content=\"5 minutes\" \/>\n<script type=\"application\/ld+json\" class=\"yoast-schema-graph\">{\"@context\":\"https:\\\/\\\/schema.org\",\"@graph\":[{\"@type\":\"WebPage\",\"@id\":\"https:\\\/\\\/orphea.net\\\/fr-CH\\\/produits\\\/\",\"url\":\"https:\\\/\\\/orphea.net\\\/fr-CH\\\/produits\\\/\",\"name\":\"Tous les produits | Orphea\",\"isPartOf\":{\"@id\":\"https:\\\/\\\/orphea.net\\\/fr-CH\\\/#website\"},\"datePublished\":\"2018-07-14T10:46:51+00:00\",\"dateModified\":\"2024-01-18T16:16:36+00:00\",\"description\":\"D\u00e9couvrez les produits Orphea\u00a0: trois gammes de produits \u00e0 la mesure de vos exigences\",\"inLanguage\":\"fr-CH\",\"potentialAction\":[{\"@type\":\"ReadAction\",\"target\":[\"https:\\\/\\\/orphea.net\\\/fr-CH\\\/produits\\\/\"]}]},{\"@type\":\"WebSite\",\"@id\":\"https:\\\/\\\/orphea.net\\\/fr-CH\\\/#website\",\"url\":\"https:\\\/\\\/orphea.net\\\/fr-CH\\\/\",\"name\":\"ORPHEA\",\"description\":\"Il tuo alleato di casa | ORPHEA\",\"potentialAction\":[{\"@type\":\"SearchAction\",\"target\":{\"@type\":\"EntryPoint\",\"urlTemplate\":\"https:\\\/\\\/orphea.net\\\/fr-CH\\\/?s={search_term_string}\"},\"query-input\":{\"@type\":\"PropertyValueSpecification\",\"valueRequired\":true,\"valueName\":\"search_term_string\"}}],\"inLanguage\":\"fr-CH\"}]}<\/script>\n<!-- \/ Yoast SEO plugin. -->","yoast_head_json":{"title":"Tous les produits | Orphea","description":"D\u00e9couvrez les produits Orphea\u00a0: trois gammes de produits \u00e0 la mesure de vos exigences","robots":{"index":"noindex","follow":"follow","max-snippet":"max-snippet:-1","max-image-preview":"max-image-preview:large","max-video-preview":"max-video-preview:-1"},"og_locale":"fr_FR","og_type":"article","og_title":"Tous les produits | Orphea","og_description":"D\u00e9couvrez les produits Orphea\u00a0: trois gammes de produits \u00e0 la mesure de vos exigences","og_url":"https:\/\/orphea.net\/fr-CH\/produits\/","og_site_name":"ORPHEA","article_modified_time":"2024-01-18T16:16:36+00:00","twitter_card":"summary_large_image","twitter_misc":{"Est. reading time":"5 minutes"},"schema":{"@context":"https:\/\/schema.org","@graph":[{"@type":"WebPage","@id":"https:\/\/orphea.net\/fr-CH\/produits\/","url":"https:\/\/orphea.net\/fr-CH\/produits\/","name":"Tous les produits | Orphea","isPartOf":{"@id":"https:\/\/orphea.net\/fr-CH\/#website"},"datePublished":"2018-07-14T10:46:51+00:00","dateModified":"2024-01-18T16:16:36+00:00","description":"D\u00e9couvrez les produits Orphea\u00a0: trois gammes de produits \u00e0 la mesure de vos exigences","inLanguage":"fr-CH","potentialAction":[{"@type":"ReadAction","target":["https:\/\/orphea.net\/fr-CH\/produits\/"]}]},{"@type":"WebSite","@id":"https:\/\/orphea.net\/fr-CH\/#website","url":"https:\/\/orphea.net\/fr-CH\/","name":"ORPHEA","description":"Il tuo alleato di casa | ORPHEA","potentialAction":[{"@type":"SearchAction","target":{"@type":"EntryPoint","urlTemplate":"https:\/\/orphea.net\/fr-CH\/?s={search_term_string}"},"query-input":{"@type":"PropertyValueSpecification","valueRequired":true,"valueName":"search_term_string"}}],"inLanguage":"fr-CH"}]}},"_links":{"self":[{"href":"https:\/\/orphea.net\/fr-CH\/wp-json\/wp\/v2\/pages\/7761","targetHints":{"allow":["GET"]}}],"collection":[{"href":"https:\/\/orphea.net\/fr-CH\/wp-json\/wp\/v2\/pages"}],"about":[{"href":"https:\/\/orphea.net\/fr-CH\/wp-json\/wp\/v2\/types\/page"}],"author":[{"embeddable":true,"href":"https:\/\/orphea.net\/fr-CH\/wp-json\/wp\/v2\/users\/2"}],"replies":[{"embeddable":true,"href":"https:\/\/orphea.net\/fr-CH\/wp-json\/wp\/v2\/comments?post=7761"}],"version-history":[{"count":8,"href":"https:\/\/orphea.net\/fr-CH\/wp-json\/wp\/v2\/pages\/7761\/revisions"}],"predecessor-version":[{"id":14944,"href":"https:\/\/orphea.net\/fr-CH\/wp-json\/wp\/v2\/pages\/7761\/revisions\/14944"}],"wp:attachment":[{"href":"https:\/\/orphea.net\/fr-CH\/wp-json\/wp\/v2\/media?parent=7761"}],"curies":[{"name":"wp","href":"https:\/\/api.w.org\/{rel}","templated":true}]}}