{"id":4542,"date":"2018-07-17T10:44:49","date_gmt":"2018-07-17T12:44:49","guid":{"rendered":"https:\/\/orphea.net\/kontakte\/"},"modified":"2024-02-28T12:47:09","modified_gmt":"2024-02-28T11:47:09","slug":"kontakte","status":"publish","type":"page","link":"https:\/\/orphea.net\/de-CH\/kontakte\/","title":{"rendered":"KONTAKTE"},"content":{"rendered":"<p>[vc_row full_width=&#187;stretch_row&#187; content_placement=&#187;middle&#187; color_style=&#187;light&#187; css=&#187;.vc_custom_1531846932518{padding-top: 100px !important;padding-bottom: 100px !important;background-image: url(https:\/\/orphea.net\/wp-content\/uploads\/2018\/07\/Orphea_contatti_header.jpg?id=342) !important;background-position: center !important;background-repeat: no-repeat !important;background-size: cover !important;}&#187;][vc_column][vc_single_image image=&#187;343&#8243; alignment=&#187;center&#187;][vc_column_text]<\/p>\n<h1 style=\"text-align: center;\">KONTAKTE<\/h1>\n<p>[\/vc_column_text][\/vc_column][\/vc_row][vc_row full_width=&#187;stretch_row&#187; css=&#187;.vc_custom_1531326310963{background-color: rgba(255,215,53,0.2) !important;*background-color: rgb(255,215,53) !important;}&#187;][vc_column]<style>#breadcrumb-69fa0d010abfd li::after { content:\"\/\" }<\/style><ol class=\"wwp-vc-breadcrumbs \" id=\"breadcrumb-69fa0d010abfd\"><li class=\"visited\"><a href=\"https:\/\/orphea.net\/de-CH\">Home<\/a><\/li><li class=\"current\"><span>Kontakte<\/span><\/li><\/ol>[\/vc_column][\/vc_row][vc_row css=&#187;.vc_custom_1531327247472{margin-top: 32px !important;margin-bottom: 64px !important;}&#187;][vc_column][vc_column_text]<\/p>\n<h3 style=\"text-align: center;\"><span style=\"color: #006e3b;\">Kontaktieren Sie Orphea. Sie k\u00f6nnen eine E-Mail schreiben, anrufen oder das folgende Formular ausf\u00fcllen.<\/span><\/h3>\n<p>[\/vc_column_text][vc_separator color=&#187;custom&#187; border_width=&#187;2&#8243; el_width=&#187;60&#8243; accent_color=&#187;#ffd735&#8243; css=&#187;.vc_custom_1531325590118{margin-top: 15px !important;margin-bottom: 20px !important;}&#187;][vc_column_text]<\/p>\n<p style=\"text-align: center;\">Schreiben Sie uns eine E-Mail, rufen Sie uns an oder f\u00fcllen Sie das folgende Formular aus. Wir w\u00fcrden uns freuen, von Ihnen zu h\u00f6ren!<\/p>\n<p>[\/vc_column_text][\/vc_column][\/vc_row][vc_row][vc_column]<script type=\"text\/javascript\">\n\/* <![CDATA[ *\/\nvar gform;gform||(document.addEventListener(\"gform_main_scripts_loaded\",function(){gform.scriptsLoaded=!0}),document.addEventListener(\"gform\/theme\/scripts_loaded\",function(){gform.themeScriptsLoaded=!0}),window.addEventListener(\"DOMContentLoaded\",function(){gform.domLoaded=!0}),gform={domLoaded:!1,scriptsLoaded:!1,themeScriptsLoaded:!1,isFormEditor:()=>\"function\"==typeof InitializeEditor,callIfLoaded:function(o){return!(!gform.domLoaded||!gform.scriptsLoaded||!gform.themeScriptsLoaded&&!gform.isFormEditor()||(gform.isFormEditor()&&console.warn(\"The use of gform.initializeOnLoaded() is deprecated in the form editor context and will be removed in Gravity Forms 3.1.\"),o(),0))},initializeOnLoaded:function(o){gform.callIfLoaded(o)||(document.addEventListener(\"gform_main_scripts_loaded\",()=>{gform.scriptsLoaded=!0,gform.callIfLoaded(o)}),document.addEventListener(\"gform\/theme\/scripts_loaded\",()=>{gform.themeScriptsLoaded=!0,gform.callIfLoaded(o)}),window.addEventListener(\"DOMContentLoaded\",()=>{gform.domLoaded=!0,gform.callIfLoaded(o)}))},hooks:{action:{},filter:{}},addAction:function(o,r,e,t){gform.addHook(\"action\",o,r,e,t)},addFilter:function(o,r,e,t){gform.addHook(\"filter\",o,r,e,t)},doAction:function(o){gform.doHook(\"action\",o,arguments)},applyFilters:function(o){return gform.doHook(\"filter\",o,arguments)},removeAction:function(o,r){gform.removeHook(\"action\",o,r)},removeFilter:function(o,r,e){gform.removeHook(\"filter\",o,r,e)},addHook:function(o,r,e,t,n){null==gform.hooks[o][r]&&(gform.hooks[o][r]=[]);var d=gform.hooks[o][r];null==n&&(n=r+\"_\"+d.length),gform.hooks[o][r].push({tag:n,callable:e,priority:t=null==t?10:t})},doHook:function(r,o,e){var t;if(e=Array.prototype.slice.call(e,1),null!=gform.hooks[r][o]&&((o=gform.hooks[r][o]).sort(function(o,r){return o.priority-r.priority}),o.forEach(function(o){\"function\"!=typeof(t=o.callable)&&(t=window[t]),\"action\"==r?t.apply(null,e):e[0]=t.apply(null,e)})),\"filter\"==r)return e[0]},removeHook:function(o,r,t,n){var e;null!=gform.hooks[o][r]&&(e=(e=gform.hooks[o][r]).filter(function(o,r,e){return!!(null!=n&&n!=o.tag||null!=t&&t!=o.priority)}),gform.hooks[o][r]=e)}});\n\/* ]]> *\/\n<\/script>\n\n                <div class='gf_browser_gecko gform_wrapper gravity-theme gform-theme--no-framework' data-form-theme='gravity-theme' data-form-index='0' id='gform_wrapper_9' >\n                        <div class='gform_heading'>\n\t\t\t\t\t\t\t<p class='gform_required_legend'>\u201e<span class=\"gfield_required gfield_required_asterisk\">*<\/span>\u201c zeigt erforderliche Felder an<\/p>\n                        <\/div><form method='post' enctype='multipart\/form-data'  id='gform_9'  action='\/de-CH\/wp-json\/wp\/v2\/pages\/4542' data-formid='9' novalidate>\n                        <div class='gform-body gform_body'><div id='gform_fields_9' class='gform_fields top_label form_sublabel_below description_below validation_below'><div id=\"field_9_2\" class=\"gfield gfield--type-text gfield--input-type-text gfield--width-half form-input gfield_contains_required field_sublabel_below gfield--no-description field_description_below field_validation_below gfield_visibility_visible\"  ><label class='gfield_label gform-field-label' for='input_9_2'>Name<span class=\"gfield_required\"><span class=\"gfield_required gfield_required_asterisk\">*<\/span><\/span><\/label><div class='ginput_container ginput_container_text'><input name='input_2' id='input_9_2' type='text' value='' class='medium'     aria-required=\"true\" aria-invalid=\"false\"   \/><\/div><\/div><div id=\"field_9_3\" class=\"gfield gfield--type-text gfield--input-type-text gfield--width-half form-input gfield_contains_required field_sublabel_below gfield--no-description field_description_below field_validation_below gfield_visibility_visible\"  ><label class='gfield_label gform-field-label' for='input_9_3'>Nachname<span class=\"gfield_required\"><span class=\"gfield_required gfield_required_asterisk\">*<\/span><\/span><\/label><div class='ginput_container ginput_container_text'><input name='input_3' id='input_9_3' type='text' value='' class='medium'     aria-required=\"true\" aria-invalid=\"false\"   \/><\/div><\/div><div id=\"field_9_4\" class=\"gfield gfield--type-email gfield--input-type-email gfield--width-half form-input gfield_contains_required field_sublabel_below gfield--no-description field_description_below field_validation_below gfield_visibility_visible\"  ><label class='gfield_label gform-field-label' for='input_9_4'>E-Mail<span class=\"gfield_required\"><span class=\"gfield_required gfield_required_asterisk\">*<\/span><\/span><\/label><div class='ginput_container ginput_container_email'>\n                            <input name='input_4' id='input_9_4' type='email' value='' class='medium'    aria-required=\"true\" aria-invalid=\"false\"  \/>\n                        <\/div><\/div><div id=\"field_9_5\" class=\"gfield gfield--type-phone gfield--input-type-phone gfield--width-half form-input field_sublabel_below gfield--no-description field_description_below field_validation_below gfield_visibility_visible\"  ><label class='gfield_label gform-field-label' for='input_9_5'>Telefon<\/label><div class='ginput_container ginput_container_phone'><input name='input_5' id='input_9_5' type='tel' value='' class='medium'    aria-invalid=\"false\"   \/><\/div><\/div><div id=\"field_9_6\" class=\"gfield gfield--type-textarea gfield--input-type-textarea form-input gfield_contains_required field_sublabel_below gfield--no-description field_description_below field_validation_below gfield_visibility_visible\"  ><label class='gfield_label gform-field-label' for='input_9_6'>Nachricht<span class=\"gfield_required\"><span class=\"gfield_required gfield_required_asterisk\">*<\/span><\/span><\/label><div class='ginput_container ginput_container_textarea'><textarea name='input_6' id='input_9_6' class='textarea large'     aria-required=\"true\" aria-invalid=\"false\"   rows='10' cols='50'><\/textarea><\/div><\/div><fieldset id=\"field_9_7\" class=\"gfield gfield--type-checkbox gfield--type-choice gfield--input-type-checkbox form-privacy gfield_contains_required field_sublabel_below gfield--no-description field_description_below hidden_label field_validation_below gfield_visibility_visible\"  ><legend class='gfield_label gform-field-label gfield_label_before_complex' >Privacy<span class=\"gfield_required\"><span class=\"gfield_required gfield_required_asterisk\">*<\/span><\/span><\/legend><div class='ginput_container ginput_container_checkbox'><div class='gfield_checkbox ' id='input_9_7'><div class='gchoice gchoice_9_7_1'>\n\t\t\t\t\t\t\t\t<input class='gfield-choice-input' name='input_7.1' type='checkbox'  value='Ich stimme der Verarbeitung meiner pers\u00f6nlichen Daten nach dem neuen Datenschutzgesetz gem\u00e4\u00df Zweck \u201eC\u201c der &lt;a href=&quot;https:\/\/orphea.net\/wp-content\/uploads\/2024\/07\/06_Privacy_Policy_Orphea_230124_de-DE.pdf&quot; target=&quot;_BLANK&quot;&gt;Privacy Policy&lt;\/a&gt; zu.'  id='choice_9_7_1'   \/>\n\t\t\t\t\t\t\t\t<label for='choice_9_7_1' id='label_9_7_1' class='gform-field-label gform-field-label--type-inline'>Ich stimme der Verarbeitung meiner pers\u00f6nlichen Daten nach dem neuen Datenschutzgesetz gem\u00e4\u00df Zweck \u201eC\u201c der <a href=\"https:\/\/orphea.net\/wp-content\/uploads\/2024\/07\/06_Privacy_Policy_Orphea_230124_de-DE.pdf\" target=\"_BLANK\">Privacy Policy<\/a> zu.<\/label>\n\t\t\t\t\t\t\t<\/div><\/div><\/div><\/fieldset><\/div><\/div>\n        <div class='gform-footer gform_footer top_label'> <input type='submit' id='gform_submit_button_9' class='gform_button button' onclick='gform.submission.handleButtonClick(this);' data-submission-type='submit' value='Send'  \/> \n            <input type='hidden' class='gform_hidden' name='gform_submission_method' data-js='gform_submission_method_9' value='postback' \/>\n            <input type='hidden' class='gform_hidden' name='gform_theme' data-js='gform_theme_9' id='gform_theme_9' value='gravity-theme' \/>\n            <input type='hidden' class='gform_hidden' name='gform_style_settings' data-js='gform_style_settings_9' id='gform_style_settings_9' value='[]' \/>\n            <input type='hidden' class='gform_hidden' name='is_submit_9' value='1' \/>\n            <input type='hidden' class='gform_hidden' name='gform_submit' value='9' \/>\n            \n            <input type='hidden' class='gform_hidden' name='gform_currency' data-currency='EUR' value='Q+4dKH5iYzwZMcKRnthE0FmCi2GgUHB9sJGZ\/8sP87rqjGbC+6529Uj\/+4ZmaPekiOaVB2DmvWu15Ggr6+acgu1Ri88Cgn8kXL7BLrUO26JizQ8=' \/>\n            <input type='hidden' class='gform_hidden' name='gform_unique_id' value='' \/>\n            <input type='hidden' class='gform_hidden' name='state_9' value='WyJbXSIsIjRjMmYyNDRjMDNkOTJlNzNmZWI0MzMxNmMzZTY5YzI2Il0=' \/>\n            <input type='hidden' autocomplete='off' class='gform_hidden' name='gform_target_page_number_9' id='gform_target_page_number_9' value='0' \/>\n            <input type='hidden' autocomplete='off' class='gform_hidden' name='gform_source_page_number_9' id='gform_source_page_number_9' value='1' \/>\n            <input type='hidden' name='gform_field_values' value='' \/>\n            \n        <\/div>\n                        <p style=\"display: none !important;\" class=\"akismet-fields-container\" data-prefix=\"ak_\"><label>&#916;<textarea name=\"ak_hp_textarea\" cols=\"45\" rows=\"8\" maxlength=\"100\"><\/textarea><\/label><input type=\"hidden\" id=\"ak_js_1\" name=\"ak_js\" value=\"103\"\/><script>document.getElementById( \"ak_js_1\" ).setAttribute( \"value\", ( new Date() ).getTime() );<\/script><\/p><\/form>\n                        <\/div><script type=\"text\/javascript\">\n\/* <![CDATA[ *\/\n gform.initializeOnLoaded( function() {gformInitSpinner( 9, 'https:\/\/orphea.net\/wp-content\/plugins\/gravityforms\/images\/spinner.svg', true );jQuery('#gform_ajax_frame_9').on('load',function(){var contents = jQuery(this).contents().find('*').html();var is_postback = contents.indexOf('GF_AJAX_POSTBACK') >= 0;if(!is_postback){return;}var form_content = jQuery(this).contents().find('#gform_wrapper_9');var is_confirmation = jQuery(this).contents().find('#gform_confirmation_wrapper_9').length > 0;var is_redirect = contents.indexOf('gformRedirect(){') >= 0;var is_form = form_content.length > 0 && ! is_redirect && ! is_confirmation;var mt = parseInt(jQuery('html').css('margin-top'), 10) + parseInt(jQuery('body').css('margin-top'), 10) + 100;if(is_form){jQuery('#gform_wrapper_9').html(form_content.html());if(form_content.hasClass('gform_validation_error')){jQuery('#gform_wrapper_9').addClass('gform_validation_error');} else {jQuery('#gform_wrapper_9').removeClass('gform_validation_error');}setTimeout( function() { \/* delay the scroll by 50 milliseconds to fix a bug in chrome *\/  }, 50 );if(window['gformInitDatepicker']) {gformInitDatepicker();}if(window['gformInitPriceFields']) {gformInitPriceFields();}var current_page = jQuery('#gform_source_page_number_9').val();gformInitSpinner( 9, 'https:\/\/orphea.net\/wp-content\/plugins\/gravityforms\/images\/spinner.svg', true );jQuery(document).trigger('gform_page_loaded', [9, current_page]);window['gf_submitting_9'] = false;}else if(!is_redirect){var confirmation_content = jQuery(this).contents().find('.GF_AJAX_POSTBACK').html();if(!confirmation_content){confirmation_content = contents;}jQuery('#gform_wrapper_9').replaceWith(confirmation_content);jQuery(document).trigger('gform_confirmation_loaded', [9]);window['gf_submitting_9'] = false;wp.a11y.speak(jQuery('#gform_confirmation_message_9').text());}else{jQuery('#gform_9').append(contents);if(window['gformRedirect']) {gformRedirect();}}jQuery(document).trigger(\"gform_pre_post_render\", [{ formId: \"9\", currentPage: \"current_page\", abort: function() { this.preventDefault(); } }]);        if (event && event.defaultPrevented) {                return;        }        const gformWrapperDiv = document.getElementById( \"gform_wrapper_9\" );        if ( gformWrapperDiv ) {            const visibilitySpan = document.createElement( \"span\" );            visibilitySpan.id = \"gform_visibility_test_9\";            gformWrapperDiv.insertAdjacentElement( \"afterend\", visibilitySpan );        }        const visibilityTestDiv = document.getElementById( \"gform_visibility_test_9\" );        let postRenderFired = false;        function triggerPostRender() {            if ( postRenderFired ) {                return;            }            postRenderFired = true;            gform.core.triggerPostRenderEvents( 9, current_page );            if ( visibilityTestDiv ) {                visibilityTestDiv.parentNode.removeChild( visibilityTestDiv );            }        }        function debounce( func, wait, immediate ) {            var timeout;            return function() {                var context = this, args = arguments;                var later = function() {                    timeout = null;                    if ( !immediate ) func.apply( context, args );                };                var callNow = immediate && !timeout;                clearTimeout( timeout );                timeout = setTimeout( later, wait );                if ( callNow ) func.apply( context, args );            };        }        const debouncedTriggerPostRender = debounce( function() {            triggerPostRender();        }, 200 );        if ( visibilityTestDiv && visibilityTestDiv.offsetParent === null ) {            const observer = new MutationObserver( ( mutations ) => {                mutations.forEach( ( mutation ) => {                    if ( mutation.type === 'attributes' && visibilityTestDiv.offsetParent !== null ) {                        debouncedTriggerPostRender();                        observer.disconnect();                    }                });            });            observer.observe( document.body, {                attributes: true,                childList: false,                subtree: true,                attributeFilter: [ 'style', 'class' ],            });        } else {            triggerPostRender();        }    } );} ); \n\/* ]]> *\/\n<\/script>\n[\/vc_column][\/vc_row][vc_row][vc_column][vc_row_inner equal_height=&#187;yes&#187; gap=&#187;35&#8243;][vc_column_inner width=&#187;1\/2&#8243;][vc_column_text]<\/p>\n<h3 style=\"text-align: center;\"><span style=\"color: #006e3b;\">Adresse<\/span><\/h3>\n<p style=\"text-align: center;\">ORPHEA SA<br \/>\nVia Sottobisio 28B,<br \/>\n6828 Balerna,<br \/>\nSvizzera<\/p>\n<p>[\/vc_column_text][\/vc_column_inner][vc_column_inner width=&#187;1\/2&#8243;][vc_column_text]<\/p>\n<h3 style=\"text-align: center;\"><span style=\"color: #006e3b;\">Kontakte<\/span><\/h3>\n<p style=\"text-align: center;\">T\u00a0+41 91 695 17 60<br \/>\ninfo@orphea.net<\/p>\n<p>[\/vc_column_text][\/vc_column_inner][\/vc_row_inner][\/vc_column][\/vc_row][vc_row][vc_column][vc_row_inner equal_height=&#187;yes&#187; gap=&#187;35&#8243;][vc_column_inner width=&#187;1\/2&#8243;][vc_column_text]<\/p>\n<h3 style=\"text-align: center;\"><span style=\"color: #006e3b;\">In der Schweiz vertrieben durch:<\/span><\/h3>\n<p style=\"text-align: center;\">MARTEC HANDELS AG<br \/>\nSamstagernstrasse 45,<br \/>\nCH-8832 Wollerau<br \/>\nT +41 44 783 95 30<br \/>\nF +41 44 783 95 49<\/p>\n<p>[\/vc_column_text][\/vc_column_inner][vc_column_inner width=&#187;1\/2&#8243;][vc_column_text]<\/p>\n<h3 style=\"text-align: center;\"><span style=\"color: #006e3b;\"> Sie k\u00f6nnen die produkte Orphea finden in :<\/span><\/h3>\n<p style=\"text-align: center;\"><a href=\"https:\/\/www.galaxus.ch\/de\/brand\/orphea-63805\" target=\"_blank\" rel=\"noopener\"><img loading=\"lazy\" decoding=\"async\" class=\"aligncenter wp-image-15495\" title=\"Distributore Orphea Galaxus\" src=\"https:\/\/orphea.net\/wp-content\/uploads\/2024\/02\/orphea-logo-galaxus-300x134.png\" alt=\"Distributore Orphea Galaxus\" width=\"150\" height=\"67\" srcset=\"https:\/\/orphea.net\/wp-content\/uploads\/2024\/02\/orphea-logo-galaxus-300x134.png 300w, https:\/\/orphea.net\/wp-content\/uploads\/2024\/02\/orphea-logo-galaxus.png 400w\" sizes=\"auto, (max-width: 150px) 100vw, 150px\" \/><\/a><a href=\"https:\/\/www.brack.ch\/search?filter%5BfacetManufacturerName%5D%5B%5D=Orphea\" target=\"_blank\" rel=\"noopener\"><img loading=\"lazy\" decoding=\"async\" class=\"aligncenter wp-image-15504\" title=\"Distributore Orphea Brack\" src=\"https:\/\/orphea.net\/wp-content\/uploads\/2024\/02\/orphea-logo-brack-300x113.png\" alt=\"Distributore Orphea Brack\" width=\"150\" height=\"56\" srcset=\"https:\/\/orphea.net\/wp-content\/uploads\/2024\/02\/orphea-logo-brack-300x113.png 300w, https:\/\/orphea.net\/wp-content\/uploads\/2024\/02\/orphea-logo-brack.png 400w\" sizes=\"auto, (max-width: 150px) 100vw, 150px\" \/><\/a><\/p>\n<p>[\/vc_column_text][\/vc_column_inner][\/vc_row_inner][\/vc_column][\/vc_row]<\/p>\n","protected":false},"excerpt":{"rendered":"<p>[vc_row full_width=&#187;stretch_row&#187; content_placement=&#187;middle&#187; color_style=&#187;light&#187; css=&#187;.vc_custom_1531846932518{padding-top: 100px !important;padding-bottom: 100px !important;background-image: url(https:\/\/orphea.net\/wp-content\/uploads\/2018\/07\/Orphea_contatti_header.jpg?id=342) !important;background-position: center !important;background-repeat: no-repeat !important;background-size: cover !important;}&#187;][vc_column][vc_single_image image=&#187;343&#8243; alignment=&#187;center&#187;][vc_column_text] KONTAKTE [\/vc_column_text][\/vc_column][\/vc_row][vc_row full_width=&#187;stretch_row&#187; css=&#187;.vc_custom_1531326310963{background-color: rgba(255,215,53,0.2) !important;*background-color: rgb(255,215,53) !important;}&#187;][vc_column][\/vc_column][\/vc_row][vc_row css=&#187;.vc_custom_1531327247472{margin-top: 32px !important;margin-bottom: 64px !important;}&#187;][vc_column][vc_column_text] Kontaktieren Sie Orphea. Sie k\u00f6nnen eine E-Mail schreiben,<\/p>\n","protected":false},"author":2,"featured_media":0,"parent":0,"menu_order":0,"comment_status":"closed","ping_status":"closed","template":"","meta":{"_acf_changed":false,"footnotes":""},"class_list":["post-4542","page","type-page","status-publish","hentry"],"acf":[],"yoast_head":"<!-- This site is optimized with the Yoast SEO plugin v27.4 - https:\/\/yoast.com\/product\/yoast-seo-wordpress\/ -->\n<title>Kontakte | Orphea<\/title>\n<meta name=\"description\" content=\"Wenden Sie sich f\u00fcr Ihre Supportanfragen und weitere Informationen an uns, wir werden Ihnen gerne weiterhelfen.\" \/>\n<meta name=\"robots\" content=\"noindex, follow, max-snippet:-1, max-image-preview:large, max-video-preview:-1\" \/>\n<meta property=\"og:locale\" content=\"de_DE\" \/>\n<meta property=\"og:type\" content=\"article\" \/>\n<meta property=\"og:title\" content=\"Kontakte | Orphea\" \/>\n<meta property=\"og:description\" content=\"Wenden Sie sich f\u00fcr Ihre Supportanfragen und weitere Informationen an uns, wir werden Ihnen gerne weiterhelfen.\" \/>\n<meta property=\"og:url\" content=\"https:\/\/orphea.net\/de-CH\/kontakte\/\" \/>\n<meta property=\"og:site_name\" content=\"ORPHEA\" \/>\n<meta property=\"article:modified_time\" content=\"2024-02-28T11:47:09+00:00\" \/>\n<meta property=\"og:image\" content=\"https:\/\/orphea.net\/wp-content\/uploads\/2024\/02\/orphea-logo-galaxus-300x134.png\" \/>\n<meta name=\"twitter:card\" content=\"summary_large_image\" \/>\n<meta name=\"twitter:label1\" content=\"Gesch\u00e4tzte Lesezeit\" \/>\n\t<meta name=\"twitter:data1\" content=\"2\u00a0Minuten\" \/>\n<script type=\"application\/ld+json\" class=\"yoast-schema-graph\">{\"@context\":\"https:\\\/\\\/schema.org\",\"@graph\":[{\"@type\":\"WebPage\",\"@id\":\"https:\\\/\\\/orphea.net\\\/de-CH\\\/kontakte\\\/\",\"url\":\"https:\\\/\\\/orphea.net\\\/de-CH\\\/kontakte\\\/\",\"name\":\"Kontakte | Orphea\",\"isPartOf\":{\"@id\":\"https:\\\/\\\/orphea.net\\\/de-CH\\\/#website\"},\"primaryImageOfPage\":{\"@id\":\"https:\\\/\\\/orphea.net\\\/de-CH\\\/kontakte\\\/#primaryimage\"},\"image\":{\"@id\":\"https:\\\/\\\/orphea.net\\\/de-CH\\\/kontakte\\\/#primaryimage\"},\"thumbnailUrl\":\"https:\\\/\\\/orphea.net\\\/wp-content\\\/uploads\\\/2024\\\/02\\\/orphea-logo-galaxus-300x134.png\",\"datePublished\":\"2018-07-17T12:44:49+00:00\",\"dateModified\":\"2024-02-28T11:47:09+00:00\",\"description\":\"Wenden Sie sich f\u00fcr Ihre Supportanfragen und weitere Informationen an uns, wir werden Ihnen gerne weiterhelfen.\",\"inLanguage\":\"de-CH\",\"potentialAction\":[{\"@type\":\"ReadAction\",\"target\":[\"https:\\\/\\\/orphea.net\\\/de-CH\\\/kontakte\\\/\"]}]},{\"@type\":\"ImageObject\",\"inLanguage\":\"de-CH\",\"@id\":\"https:\\\/\\\/orphea.net\\\/de-CH\\\/kontakte\\\/#primaryimage\",\"url\":\"https:\\\/\\\/orphea.net\\\/wp-content\\\/uploads\\\/2024\\\/02\\\/orphea-logo-galaxus-300x134.png\",\"contentUrl\":\"https:\\\/\\\/orphea.net\\\/wp-content\\\/uploads\\\/2024\\\/02\\\/orphea-logo-galaxus-300x134.png\"},{\"@type\":\"WebSite\",\"@id\":\"https:\\\/\\\/orphea.net\\\/de-CH\\\/#website\",\"url\":\"https:\\\/\\\/orphea.net\\\/de-CH\\\/\",\"name\":\"ORPHEA\",\"description\":\"Il tuo alleato di casa | ORPHEA\",\"potentialAction\":[{\"@type\":\"SearchAction\",\"target\":{\"@type\":\"EntryPoint\",\"urlTemplate\":\"https:\\\/\\\/orphea.net\\\/de-CH\\\/?s={search_term_string}\"},\"query-input\":{\"@type\":\"PropertyValueSpecification\",\"valueRequired\":true,\"valueName\":\"search_term_string\"}}],\"inLanguage\":\"de-CH\"}]}<\/script>\n<!-- \/ Yoast SEO plugin. -->","yoast_head_json":{"title":"Kontakte | Orphea","description":"Wenden Sie sich f\u00fcr Ihre Supportanfragen und weitere Informationen an uns, wir werden Ihnen gerne weiterhelfen.","robots":{"index":"noindex","follow":"follow","max-snippet":"max-snippet:-1","max-image-preview":"max-image-preview:large","max-video-preview":"max-video-preview:-1"},"og_locale":"de_DE","og_type":"article","og_title":"Kontakte | Orphea","og_description":"Wenden Sie sich f\u00fcr Ihre Supportanfragen und weitere Informationen an uns, wir werden Ihnen gerne weiterhelfen.","og_url":"https:\/\/orphea.net\/de-CH\/kontakte\/","og_site_name":"ORPHEA","article_modified_time":"2024-02-28T11:47:09+00:00","og_image":[{"url":"https:\/\/orphea.net\/wp-content\/uploads\/2024\/02\/orphea-logo-galaxus-300x134.png","type":"","width":"","height":""}],"twitter_card":"summary_large_image","twitter_misc":{"Gesch\u00e4tzte Lesezeit":"2\u00a0Minuten"},"schema":{"@context":"https:\/\/schema.org","@graph":[{"@type":"WebPage","@id":"https:\/\/orphea.net\/de-CH\/kontakte\/","url":"https:\/\/orphea.net\/de-CH\/kontakte\/","name":"Kontakte | Orphea","isPartOf":{"@id":"https:\/\/orphea.net\/de-CH\/#website"},"primaryImageOfPage":{"@id":"https:\/\/orphea.net\/de-CH\/kontakte\/#primaryimage"},"image":{"@id":"https:\/\/orphea.net\/de-CH\/kontakte\/#primaryimage"},"thumbnailUrl":"https:\/\/orphea.net\/wp-content\/uploads\/2024\/02\/orphea-logo-galaxus-300x134.png","datePublished":"2018-07-17T12:44:49+00:00","dateModified":"2024-02-28T11:47:09+00:00","description":"Wenden Sie sich f\u00fcr Ihre Supportanfragen und weitere Informationen an uns, wir werden Ihnen gerne weiterhelfen.","inLanguage":"de-CH","potentialAction":[{"@type":"ReadAction","target":["https:\/\/orphea.net\/de-CH\/kontakte\/"]}]},{"@type":"ImageObject","inLanguage":"de-CH","@id":"https:\/\/orphea.net\/de-CH\/kontakte\/#primaryimage","url":"https:\/\/orphea.net\/wp-content\/uploads\/2024\/02\/orphea-logo-galaxus-300x134.png","contentUrl":"https:\/\/orphea.net\/wp-content\/uploads\/2024\/02\/orphea-logo-galaxus-300x134.png"},{"@type":"WebSite","@id":"https:\/\/orphea.net\/de-CH\/#website","url":"https:\/\/orphea.net\/de-CH\/","name":"ORPHEA","description":"Il tuo alleato di casa | ORPHEA","potentialAction":[{"@type":"SearchAction","target":{"@type":"EntryPoint","urlTemplate":"https:\/\/orphea.net\/de-CH\/?s={search_term_string}"},"query-input":{"@type":"PropertyValueSpecification","valueRequired":true,"valueName":"search_term_string"}}],"inLanguage":"de-CH"}]}},"_links":{"self":[{"href":"https:\/\/orphea.net\/de-CH\/wp-json\/wp\/v2\/pages\/4542","targetHints":{"allow":["GET"]}}],"collection":[{"href":"https:\/\/orphea.net\/de-CH\/wp-json\/wp\/v2\/pages"}],"about":[{"href":"https:\/\/orphea.net\/de-CH\/wp-json\/wp\/v2\/types\/page"}],"author":[{"embeddable":true,"href":"https:\/\/orphea.net\/de-CH\/wp-json\/wp\/v2\/users\/2"}],"replies":[{"embeddable":true,"href":"https:\/\/orphea.net\/de-CH\/wp-json\/wp\/v2\/comments?post=4542"}],"version-history":[{"count":4,"href":"https:\/\/orphea.net\/de-CH\/wp-json\/wp\/v2\/pages\/4542\/revisions"}],"predecessor-version":[{"id":15525,"href":"https:\/\/orphea.net\/de-CH\/wp-json\/wp\/v2\/pages\/4542\/revisions\/15525"}],"wp:attachment":[{"href":"https:\/\/orphea.net\/de-CH\/wp-json\/wp\/v2\/media?parent=4542"}],"curies":[{"name":"wp","href":"https:\/\/api.w.org\/{rel}","templated":true}]}}