{"id":4311,"date":"2018-07-14T08:46:51","date_gmt":"2018-07-14T10:46:51","guid":{"rendered":"https:\/\/orphea.net\/alle-produkte\/"},"modified":"2024-01-18T21:22:42","modified_gmt":"2024-01-18T20:22:42","slug":"alle-produkte","status":"publish","type":"page","link":"https:\/\/orphea.net\/de-CH\/alle-produkte\/","title":{"rendered":"Alle Produkte"},"content":{"rendered":"<p>[vc_row full_width=&#187;stretch_row&#187; content_placement=&#187;middle&#187; css=&#187;.vc_custom_1532363201150{padding-top: 50px !important;padding-bottom: 50px !important;background-image: url(https:\/\/orphea.net\/wp-content\/uploads\/2018\/07\/sfondo-radiale-prodotti-Orphea-Protezione-Casa.jpg?id=273) !important;background-position: center !important;background-repeat: no-repeat !important;background-size: cover !important;}&#187; el_class=&#187;inversionemobile&#187; offset=&#187;vc_hidden-sm vc_hidden-xs&#187;][vc_column width=&#187;1\/2&#8243;][vc_column_text]<\/p>\n<h3><span style=\"color: #006e34;\">ORPHEA HAUSSCHUTZ<\/span><\/h3>\n<p><span style=\"color: #006e34;\">Orphea<sup>\u00ae<\/sup> <strong>sch\u00fctzt<\/strong> Ihr Zuhause vor fliegenden und kriechenden Insekten. Eine breite Palette von geruchlosen <strong>Insektiziden<\/strong> und <strong>Fallen<\/strong> mit nat\u00fcrlicher Wirkung steht zur Verf\u00fcgung, um sich effektiv und nachhaltig gegen Insekten zu sch\u00fctzen<\/span>[\/vc_column_text][vc_empty_space height=&#187;15px&#187;]<a href=\"https:\/\/orphea.net\/de-CH\/produkte\/orphea-hausschutz\" target=\"\" title=\"\"  data-id=\"mpc_button-7969fa0d238bb99\" class=\"mpc-button mpc-init mpc-transition mpc-typography--preset_0 \" ><div class=\"mpc-button__content mpc-effect-type--none mpc-effect-side--none\"><span class=\"mpc-button__title mpc-transition\">ZU DEN PRODUKTEN<\/span><\/div><div class=\"mpc-button__background mpc-transition mpc-effect-type--fade mpc-effect-side--in\"><\/div><\/a>[\/vc_column][vc_column width=&#187;1\/2&#8243;][vc_single_image image=&#187;14964&#8243; img_size=&#187;full&#187; alignment=&#187;center&#187;][\/vc_column][\/vc_row][vc_row full_width=&#187;stretch_row&#187; content_placement=&#187;middle&#187; css=&#187;.vc_custom_1532363424189{padding-top: 50px !important;padding-bottom: 50px !important;background-image: url(https:\/\/orphea.net\/wp-content\/uploads\/2018\/07\/sfondo-radiale-prodotti-Orphea-Protezione-Casa.jpg?id=273) !important;background-position: center !important;background-repeat: no-repeat !important;background-size: cover !important;}&#187; el_class=&#187;inversionemobile&#187; offset=&#187;vc_hidden-lg vc_hidden-md&#187;][vc_column width=&#187;1\/2&#8243;][vc_single_image image=&#187;14964&#8243; img_size=&#187;full&#187; alignment=&#187;center&#187;][\/vc_column][vc_column width=&#187;1\/2&#8243;][vc_column_text]<\/p>\n<h3><span style=\"color: #006e34;\">ORPHEA HAUSSCHUTZ<\/span><\/h3>\n<p><span style=\"color: #006e34;\">Orphea<sup>\u00ae<\/sup> <strong>sch\u00fctzt<\/strong> Ihr Zuhause vor fliegenden und kriechenden Insekten. Eine breite Palette von geruchlosen <strong>Insektiziden<\/strong> und <strong>Fallen<\/strong> mit nat\u00fcrlicher Wirkung steht zur Verf\u00fcgung, um sich effektiv und nachhaltig gegen Insekten zu sch\u00fctzen<\/span>[\/vc_column_text][vc_empty_space height=&#187;15px&#187;]<a href=\"https:\/\/orphea.net\/de-CH\/produkte\/orphea-hausschutz\" target=\"\" title=\"\"  data-id=\"mpc_button-7269fa0d238bcd6\" class=\"mpc-button mpc-init mpc-transition mpc-typography--preset_0 tastoacentro\" ><div class=\"mpc-button__content mpc-effect-type--none mpc-effect-side--none\"><span class=\"mpc-button__title mpc-transition\">ZU DEN PRODUKTEN<\/span><\/div><div class=\"mpc-button__background mpc-transition mpc-effect-type--fade mpc-effect-side--in\"><\/div><\/a>[\/vc_column][\/vc_row][vc_row full_width=&#187;stretch_row&#187; content_placement=&#187;middle&#187; css=&#187;.vc_custom_1532363506038{padding-top: 50px !important;padding-bottom: 50px !important;background-image: url(https:\/\/orphea.net\/wp-content\/uploads\/2018\/07\/sfondo-radiale-prodotti-Orphea-Salvalana.jpg?id=274) !important;background-position: center !important;background-repeat: no-repeat !important;background-size: cover !important;}&#187; offset=&#187;vc_hidden-sm vc_hidden-xs&#187;][vc_column width=&#187;1\/2&#8243;][vc_single_image image=&#187;4982&#8243; img_size=&#187;full&#187; alignment=&#187;center&#187;][\/vc_column][vc_column width=&#187;1\/2&#8243;][vc_column_text]<\/p>\n<h3><span style=\"color: #8e3488;\">ORPHEA MOTTENSCHUTZ<\/span><\/h3>\n<p><span style=\"color: #8e3488;\">Orphea Mottenschutz <strong>parf\u00fcmiert und sch\u00fctzt Wolle und wertvollste Stoffe<\/strong> wie Seide, Leinen, Kaschmir und Baumwolle dank der nat\u00fcrlichen Wirksamkeit einer aussergew\u00f6hnlichen Anzahl von <strong>Essenzen, die aus Pflanzen und Blumen<\/strong> gewonnen werden. Ein <strong>komplettes System zur Pflege Ihrer Kleidung<\/strong>, das vom Waschen \u00fcber Schr\u00e4nke und Schubladen bis hin zu einzigartigen Produkten reicht, die die Unversehrtheit der empfindlichsten Fasern bewahren.<\/span>[\/vc_column_text][vc_empty_space height=&#187;15px&#187;]<a href=\"https:\/\/orphea.net\/de-CH\/produkte\/orphea-mottenschutz\" target=\"\" title=\"\"  data-id=\"mpc_button-6269fa0d238bdc6\" class=\"mpc-button mpc-init mpc-transition mpc-typography--preset_0 tastoadx\" ><div class=\"mpc-button__content mpc-effect-type--none mpc-effect-side--none\"><span class=\"mpc-button__title mpc-transition\">ZU DEN PRODUKTEN<\/span><\/div><div class=\"mpc-button__background mpc-transition mpc-effect-type--fade mpc-effect-side--in\"><\/div><\/a>[\/vc_column][\/vc_row][vc_row full_width=&#187;stretch_row&#187; content_placement=&#187;middle&#187; css=&#187;.vc_custom_1532363518634{padding-top: 50px !important;padding-bottom: 50px !important;background-image: url(https:\/\/orphea.net\/wp-content\/uploads\/2018\/07\/sfondo-radiale-prodotti-Orphea-Salvalana.jpg?id=274) !important;background-position: center !important;background-repeat: no-repeat !important;background-size: cover !important;}&#187; offset=&#187;vc_hidden-lg vc_hidden-md&#187;][vc_column width=&#187;1\/2&#8243;][vc_single_image image=&#187;4982&#8243; img_size=&#187;full&#187; alignment=&#187;center&#187;][\/vc_column][vc_column width=&#187;1\/2&#8243;][vc_column_text]<\/p>\n<h3><span style=\"color: #8e3488;\">ORPHEA MOTTENSCHUTZ<\/span><\/h3>\n<p><span style=\"color: #8e3488;\">Orphea Mottenschutz <strong>parf\u00fcmiert und sch\u00fctzt Wolle und wertvollste Stoffe<\/strong> wie Seide, Leinen, Kaschmir und Baumwolle dank der nat\u00fcrlichen Wirksamkeit einer aussergew\u00f6hnlichen Anzahl von <strong>Essenzen, die aus Pflanzen und Blumen<\/strong> gewonnen werden. Ein <strong>komplettes System zur Pflege Ihrer Kleidung<\/strong>, das vom Waschen \u00fcber Schr\u00e4nke und Schubladen bis hin zu einzigartigen Produkten reicht, die die Unversehrtheit der empfindlichsten Fasern bewahren.<\/span>[\/vc_column_text][vc_empty_space height=&#187;15px&#187;]<a href=\"https:\/\/orphea.net\/de-CH\/produkte\/orphea-mottenschutz\" target=\"\" title=\"\"  data-id=\"mpc_button-9369fa0d238be9b\" class=\"mpc-button mpc-init mpc-transition mpc-typography--preset_0 tastoacentro\" ><div class=\"mpc-button__content mpc-effect-type--none mpc-effect-side--none\"><span class=\"mpc-button__title mpc-transition\">ZU DEN PRODUKTEN<\/span><\/div><div class=\"mpc-button__background mpc-transition mpc-effect-type--fade mpc-effect-side--in\"><\/div><\/a>[\/vc_column][\/vc_row][vc_row full_width=&#187;stretch_row&#187; content_placement=&#187;middle&#187; css=&#187;.vc_custom_1705606424536{padding-top: 50px !important;padding-bottom: 50px !important;background-image: url(https:\/\/orphea.net\/wp-content\/uploads\/2018\/07\/sfondo-radiale-prodotti-Orphea-protezione-persona.jpg?id=275) !important;background-position: center !important;background-repeat: no-repeat !important;background-size: cover !important;}&#187; el_class=&#187;inversionemobile&#187; offset=&#187;vc_hidden-sm vc_hidden-xs&#187;][vc_column width=&#187;1\/2&#8243;][vc_column_text]<\/p>\n<h3><span style=\"color: #006e34;\">ORPHEA NAT\u00dcRLICHER PERSONENSCHUTZ<\/span><\/h3>\n<p><span style=\"color: #006e34;\">Eine umfassende Palette von <strong>Insektenschutz<\/strong>&#8211; und <strong>Nachstich<\/strong>-Produkten, entwickelt, um Erwachsene und Kinder vor M\u00fcckenstichen und anderen Insektenbissen zu sch\u00fctzen. <strong>Citriodiol<\/strong><sup>\u00ae<\/sup>, der pflanzliche Wirkstoff par excellence, gew\u00e4hrleistet einen wirksamen und sanften Schutz auf der Haut; <strong>nat\u00fcrliche Extrakte<\/strong> haben eine beruhigende und pflegende Wirkung auf die Haut.<\/span>[\/vc_column_text][vc_empty_space height=&#187;15px&#187;]<a href=\"https:\/\/orphea.net\/de-CH\/alle-produkte\/orphea-naturlicher-personenschutz\/\" target=\"\" title=\"\"  data-id=\"mpc_button-8369fa0d238bfbb\" class=\"mpc-button mpc-init mpc-transition mpc-typography--preset_0 \" ><div class=\"mpc-button__content mpc-effect-type--none mpc-effect-side--none\"><span class=\"mpc-button__title mpc-transition\">ZU DEN PRODUKTEN<\/span><\/div><div class=\"mpc-button__background mpc-transition mpc-effect-type--fade mpc-effect-side--in\"><\/div><\/a>[\/vc_column][vc_column width=&#187;1\/2&#8243;][vc_single_image image=&#187;14922&#8243; img_size=&#187;full&#187; alignment=&#187;center&#187;][\/vc_column][\/vc_row][vc_row full_width=&#187;stretch_row&#187; content_placement=&#187;middle&#187; css=&#187;.vc_custom_1705606450328{padding-top: 50px !important;padding-bottom: 50px !important;background-image: url(https:\/\/orphea.net\/wp-content\/uploads\/2018\/07\/sfondo-radiale-prodotti-Orphea-protezione-persona.jpg?id=275) !important;background-position: center !important;background-repeat: no-repeat !important;background-size: cover !important;}&#187; el_class=&#187;inversionemobile&#187; offset=&#187;vc_hidden-lg vc_hidden-md&#187;][vc_column width=&#187;1\/2&#8243;][vc_single_image image=&#187;14922&#8243; img_size=&#187;full&#187; alignment=&#187;center&#187;][\/vc_column][vc_column width=&#187;1\/2&#8243;][vc_column_text]<\/p>\n<h3><span style=\"color: #006e34;\">ORPHEA NAT\u00dcRLICHER PERSONENSCHUTZ<\/span><\/h3>\n<p><span style=\"color: #006e34;\">Eine umfassende Palette von <strong>Insektenschutz<\/strong>&#8211; und <strong>Nachstich<\/strong>-Produkten, entwickelt, um Erwachsene und Kinder vor M\u00fcckenstichen und anderen Insektenbissen zu sch\u00fctzen. <strong>Citriodiol<\/strong><sup>\u00ae<\/sup>, der pflanzliche Wirkstoff par excellence, gew\u00e4hrleistet einen wirksamen und sanften Schutz auf der Haut; <strong>nat\u00fcrliche Extrakte<\/strong> haben eine beruhigende und pflegende Wirkung auf die Haut.<\/span>[\/vc_column_text][vc_empty_space height=&#187;15px&#187;]<a href=\"https:\/\/orphea.net\/de-CH\/alle-produkte\/orphea-naturlicher-personenschutz\/\" target=\"\" title=\"\"  data-id=\"mpc_button-7869fa0d238c09a\" class=\"mpc-button mpc-init mpc-transition mpc-typography--preset_0 tastoacentro\" ><div class=\"mpc-button__content mpc-effect-type--none mpc-effect-side--none\"><span class=\"mpc-button__title mpc-transition\">ZU DEN PRODUKTEN<\/span><\/div><div class=\"mpc-button__background mpc-transition mpc-effect-type--fade mpc-effect-side--in\"><\/div><\/a>[\/vc_column][\/vc_row]<\/p>\n","protected":false},"excerpt":{"rendered":"<p>[vc_row full_width=&#187;stretch_row&#187; content_placement=&#187;middle&#187; css=&#187;.vc_custom_1532363201150{padding-top: 50px !important;padding-bottom: 50px !important;background-image: url(https:\/\/orphea.net\/wp-content\/uploads\/2018\/07\/sfondo-radiale-prodotti-Orphea-Protezione-Casa.jpg?id=273) !important;background-position: center !important;background-repeat: no-repeat !important;background-size: cover !important;}&#187; el_class=&#187;inversionemobile&#187; offset=&#187;vc_hidden-sm vc_hidden-xs&#187;][vc_column width=&#187;1\/2&#8243;][vc_column_text] ORPHEA HAUSSCHUTZ Orphea\u00ae sch\u00fctzt Ihr Zuhause vor fliegenden und kriechenden Insekten. Eine breite Palette von geruchlosen Insektiziden und Fallen mit<\/p>\n","protected":false},"author":2,"featured_media":0,"parent":0,"menu_order":0,"comment_status":"closed","ping_status":"closed","template":"","meta":{"_acf_changed":false,"footnotes":""},"class_list":["post-4311","page","type-page","status-publish","hentry"],"acf":[],"yoast_head":"<!-- This site is optimized with the Yoast SEO plugin v27.4 - https:\/\/yoast.com\/product\/yoast-seo-wordpress\/ -->\n<title>Alle Produkte | Orphea<\/title>\n<meta name=\"description\" content=\"Entdecken Sie die Produkte von Orphea: Drei Produktlinien f\u00fcr all Ihre Bed\u00fcrfnisse.\" \/>\n<meta name=\"robots\" content=\"noindex, follow, max-snippet:-1, max-image-preview:large, max-video-preview:-1\" \/>\n<meta property=\"og:locale\" content=\"de_DE\" \/>\n<meta property=\"og:type\" content=\"article\" \/>\n<meta property=\"og:title\" content=\"Alle Produkte | Orphea\" \/>\n<meta property=\"og:description\" content=\"Entdecken Sie die Produkte von Orphea: Drei Produktlinien f\u00fcr all Ihre Bed\u00fcrfnisse.\" \/>\n<meta property=\"og:url\" content=\"https:\/\/orphea.net\/de-CH\/alle-produkte\/\" \/>\n<meta property=\"og:site_name\" content=\"ORPHEA\" \/>\n<meta property=\"article:modified_time\" content=\"2024-01-18T20:22:42+00:00\" \/>\n<meta name=\"twitter:card\" content=\"summary_large_image\" \/>\n<meta name=\"twitter:label1\" content=\"Gesch\u00e4tzte Lesezeit\" \/>\n\t<meta name=\"twitter:data1\" content=\"3\u00a0Minuten\" \/>\n<script type=\"application\/ld+json\" class=\"yoast-schema-graph\">{\"@context\":\"https:\\\/\\\/schema.org\",\"@graph\":[{\"@type\":\"WebPage\",\"@id\":\"https:\\\/\\\/orphea.net\\\/de-CH\\\/alle-produkte\\\/\",\"url\":\"https:\\\/\\\/orphea.net\\\/de-CH\\\/alle-produkte\\\/\",\"name\":\"Alle Produkte | Orphea\",\"isPartOf\":{\"@id\":\"https:\\\/\\\/orphea.net\\\/de-CH\\\/#website\"},\"datePublished\":\"2018-07-14T10:46:51+00:00\",\"dateModified\":\"2024-01-18T20:22:42+00:00\",\"description\":\"Entdecken Sie die Produkte von Orphea: Drei Produktlinien f\u00fcr all Ihre Bed\u00fcrfnisse.\",\"inLanguage\":\"de-CH\",\"potentialAction\":[{\"@type\":\"ReadAction\",\"target\":[\"https:\\\/\\\/orphea.net\\\/de-CH\\\/alle-produkte\\\/\"]}]},{\"@type\":\"WebSite\",\"@id\":\"https:\\\/\\\/orphea.net\\\/de-CH\\\/#website\",\"url\":\"https:\\\/\\\/orphea.net\\\/de-CH\\\/\",\"name\":\"ORPHEA\",\"description\":\"Il tuo alleato di casa | ORPHEA\",\"potentialAction\":[{\"@type\":\"SearchAction\",\"target\":{\"@type\":\"EntryPoint\",\"urlTemplate\":\"https:\\\/\\\/orphea.net\\\/de-CH\\\/?s={search_term_string}\"},\"query-input\":{\"@type\":\"PropertyValueSpecification\",\"valueRequired\":true,\"valueName\":\"search_term_string\"}}],\"inLanguage\":\"de-CH\"}]}<\/script>\n<!-- \/ Yoast SEO plugin. -->","yoast_head_json":{"title":"Alle Produkte | Orphea","description":"Entdecken Sie die Produkte von Orphea: Drei Produktlinien f\u00fcr all Ihre Bed\u00fcrfnisse.","robots":{"index":"noindex","follow":"follow","max-snippet":"max-snippet:-1","max-image-preview":"max-image-preview:large","max-video-preview":"max-video-preview:-1"},"og_locale":"de_DE","og_type":"article","og_title":"Alle Produkte | Orphea","og_description":"Entdecken Sie die Produkte von Orphea: Drei Produktlinien f\u00fcr all Ihre Bed\u00fcrfnisse.","og_url":"https:\/\/orphea.net\/de-CH\/alle-produkte\/","og_site_name":"ORPHEA","article_modified_time":"2024-01-18T20:22:42+00:00","twitter_card":"summary_large_image","twitter_misc":{"Gesch\u00e4tzte Lesezeit":"3\u00a0Minuten"},"schema":{"@context":"https:\/\/schema.org","@graph":[{"@type":"WebPage","@id":"https:\/\/orphea.net\/de-CH\/alle-produkte\/","url":"https:\/\/orphea.net\/de-CH\/alle-produkte\/","name":"Alle Produkte | Orphea","isPartOf":{"@id":"https:\/\/orphea.net\/de-CH\/#website"},"datePublished":"2018-07-14T10:46:51+00:00","dateModified":"2024-01-18T20:22:42+00:00","description":"Entdecken Sie die Produkte von Orphea: Drei Produktlinien f\u00fcr all Ihre Bed\u00fcrfnisse.","inLanguage":"de-CH","potentialAction":[{"@type":"ReadAction","target":["https:\/\/orphea.net\/de-CH\/alle-produkte\/"]}]},{"@type":"WebSite","@id":"https:\/\/orphea.net\/de-CH\/#website","url":"https:\/\/orphea.net\/de-CH\/","name":"ORPHEA","description":"Il tuo alleato di casa | ORPHEA","potentialAction":[{"@type":"SearchAction","target":{"@type":"EntryPoint","urlTemplate":"https:\/\/orphea.net\/de-CH\/?s={search_term_string}"},"query-input":{"@type":"PropertyValueSpecification","valueRequired":true,"valueName":"search_term_string"}}],"inLanguage":"de-CH"}]}},"_links":{"self":[{"href":"https:\/\/orphea.net\/de-CH\/wp-json\/wp\/v2\/pages\/4311","targetHints":{"allow":["GET"]}}],"collection":[{"href":"https:\/\/orphea.net\/de-CH\/wp-json\/wp\/v2\/pages"}],"about":[{"href":"https:\/\/orphea.net\/de-CH\/wp-json\/wp\/v2\/types\/page"}],"author":[{"embeddable":true,"href":"https:\/\/orphea.net\/de-CH\/wp-json\/wp\/v2\/users\/2"}],"replies":[{"embeddable":true,"href":"https:\/\/orphea.net\/de-CH\/wp-json\/wp\/v2\/comments?post=4311"}],"version-history":[{"count":10,"href":"https:\/\/orphea.net\/de-CH\/wp-json\/wp\/v2\/pages\/4311\/revisions"}],"predecessor-version":[{"id":14998,"href":"https:\/\/orphea.net\/de-CH\/wp-json\/wp\/v2\/pages\/4311\/revisions\/14998"}],"wp:attachment":[{"href":"https:\/\/orphea.net\/de-CH\/wp-json\/wp\/v2\/media?parent=4311"}],"curies":[{"name":"wp","href":"https:\/\/api.w.org\/{rel}","templated":true}]}}